{"id":1213,"date":"2026-05-12T02:34:30","date_gmt":"2026-05-12T02:34:30","guid":{"rendered":"https:\/\/magnatadosrelogios.com.br\/?post_type=product&#038;p=1213"},"modified":"2026-05-12T02:34:32","modified_gmt":"2026-05-12T02:34:32","slug":"relogio-digital-feminino-condor-preto-led-6236","status":"publish","type":"product","link":"https:\/\/magnatadosrelogios.com.br\/en\/loja\/relogio-digital-feminino-condor-preto-led-6236\/","title":{"rendered":"Rel\u00f3gio Digital Feminino Condor Preto LED 6236"},"content":{"rendered":"<p data-start=\"71\" data-end=\"404\">O rel\u00f3gio digital feminino da <span class=\"hover:entity-accent entity-underline inline cursor-pointer align-baseline\"><span class=\"whitespace-normal\">Condor<\/span><\/span> entrega um visual moderno, elegante e marcante com seu acabamento totalmente preto e visor digital com LED vermelho. Seu design minimalista all black transmite sofistica\u00e7\u00e3o e personalidade, perfeito para mulheres que gostam de acess\u00f3rios contempor\u00e2neos e estilosos.<\/p>\n<p data-start=\"406\" data-end=\"546\">A pulseira em malha de a\u00e7o proporciona conforto e excelente ajuste ao pulso, tornando o modelo ideal para o uso di\u00e1rio e ocasi\u00f5es especiais.<\/p>\n<p data-start=\"406\" data-end=\"546\">\n<h2 data-section-id=\"6g4avm\" data-start=\"553\" data-end=\"576\">DESTAQUES DO REL\u00d3GIO<\/h2>\n<p data-start=\"578\" data-end=\"807\">Design moderno all black<br data-start=\"602\" data-end=\"605\" \/>Visor digital com LED vermelho<br data-start=\"635\" data-end=\"638\" \/>Acabamento premium preto fosco<br data-start=\"668\" data-end=\"671\" \/>Pulseira em malha de a\u00e7o confort\u00e1vel<br data-start=\"707\" data-end=\"710\" \/>Visual sofisticado e contempor\u00e2neo<br data-start=\"744\" data-end=\"747\" \/>Modelo leve e elegante<br data-start=\"769\" data-end=\"772\" \/>Fecho ajust\u00e1vel com \u00f3timo encaixe<\/p>\n<p data-start=\"578\" data-end=\"807\">\n<h2 data-section-id=\"1x72ei5\" data-start=\"814\" data-end=\"840\">ESPECIFICA\u00c7\u00d5ES T\u00c9CNICAS<\/h2>\n<div class=\"TyagGW_tableContainer\">\n<div class=\"group TyagGW_tableWrapper flex flex-col-reverse w-fit\" tabindex=\"-1\">\n<table class=\"w-fit min-w-(--thread-content-width)\" style=\"height: 656px;\" width=\"419\" data-start=\"842\" data-end=\"1538\">\n<thead data-start=\"842\" data-end=\"870\">\n<tr data-start=\"842\" data-end=\"870\">\n<th class=\"\" data-start=\"842\" data-end=\"858\" data-col-size=\"sm\">ESPECIFICA\u00c7\u00c3O<\/th>\n<th class=\"\" data-start=\"858\" data-end=\"870\" data-col-size=\"sm\">DETALHES<\/th>\n<\/tr>\n<\/thead>\n<tbody data-start=\"881\" data-end=\"1538\">\n<tr data-start=\"881\" data-end=\"899\">\n<td data-start=\"881\" data-end=\"889\" data-col-size=\"sm\">Marca<\/td>\n<td data-start=\"889\" data-end=\"899\" data-col-size=\"sm\">Condor<\/td>\n<\/tr>\n<tr data-start=\"900\" data-end=\"921\">\n<td data-start=\"900\" data-end=\"909\" data-col-size=\"sm\">G\u00eanero<\/td>\n<td data-col-size=\"sm\" data-start=\"909\" data-end=\"921\">Feminino<\/td>\n<\/tr>\n<tr data-start=\"922\" data-end=\"954\">\n<td data-start=\"922\" data-end=\"931\" data-col-size=\"sm\">Modelo<\/td>\n<td data-start=\"931\" data-end=\"954\" data-col-size=\"sm\">Digital LED Fashion<\/td>\n<\/tr>\n<tr data-start=\"955\" data-end=\"984\">\n<td data-start=\"955\" data-end=\"973\" data-col-size=\"sm\">Tipo de M\u00e1quina<\/td>\n<td data-col-size=\"sm\" data-start=\"973\" data-end=\"984\">Digital<\/td>\n<\/tr>\n<tr data-start=\"985\" data-end=\"1014\">\n<td data-start=\"985\" data-end=\"1005\" data-col-size=\"sm\">Material da Caixa<\/td>\n<td data-col-size=\"sm\" data-start=\"1005\" data-end=\"1014\">Metal<\/td>\n<\/tr>\n<tr data-start=\"1015\" data-end=\"1054\">\n<td data-start=\"1015\" data-end=\"1038\" data-col-size=\"sm\">Material da Pulseira<\/td>\n<td data-col-size=\"sm\" data-start=\"1038\" data-end=\"1054\">Malha de a\u00e7o<\/td>\n<\/tr>\n<tr data-start=\"1055\" data-end=\"1079\">\n<td data-start=\"1055\" data-end=\"1070\" data-col-size=\"sm\">Cor da Caixa<\/td>\n<td data-col-size=\"sm\" data-start=\"1070\" data-end=\"1079\">Preto<\/td>\n<\/tr>\n<tr data-start=\"1080\" data-end=\"1107\">\n<td data-start=\"1080\" data-end=\"1098\" data-col-size=\"sm\">Cor da Pulseira<\/td>\n<td data-col-size=\"sm\" data-start=\"1098\" data-end=\"1107\">Preto<\/td>\n<\/tr>\n<tr data-start=\"1108\" data-end=\"1146\">\n<td data-start=\"1108\" data-end=\"1127\" data-col-size=\"sm\">Cor do Mostrador<\/td>\n<td data-col-size=\"sm\" data-start=\"1127\" data-end=\"1146\">Preto Espelhado<\/td>\n<\/tr>\n<tr data-start=\"1147\" data-end=\"1176\">\n<td data-start=\"1147\" data-end=\"1160\" data-col-size=\"sm\">Ilumina\u00e7\u00e3o<\/td>\n<td data-col-size=\"sm\" data-start=\"1160\" data-end=\"1176\">LED Vermelho<\/td>\n<\/tr>\n<tr data-start=\"1177\" data-end=\"1207\">\n<td data-start=\"1177\" data-end=\"1196\" data-col-size=\"sm\">Formato da Caixa<\/td>\n<td data-col-size=\"sm\" data-start=\"1196\" data-end=\"1207\">Redondo<\/td>\n<\/tr>\n<tr data-start=\"1208\" data-end=\"1237\">\n<td data-start=\"1208\" data-end=\"1224\" data-col-size=\"sm\">Tipo de Fecho<\/td>\n<td data-start=\"1224\" data-end=\"1237\" data-col-size=\"sm\">Ajust\u00e1vel<\/td>\n<\/tr>\n<tr data-start=\"1238\" data-end=\"1267\">\n<td data-start=\"1238\" data-end=\"1247\" data-col-size=\"sm\">Estilo<\/td>\n<td data-col-size=\"sm\" data-start=\"1247\" data-end=\"1267\">Casual \/ Fashion<\/td>\n<\/tr>\n<tr data-start=\"1268\" data-end=\"1315\">\n<td data-start=\"1268\" data-end=\"1289\" data-col-size=\"sm\">Resist\u00eancia \u00e0 \u00c1gua<\/td>\n<td data-col-size=\"sm\" data-start=\"1289\" data-end=\"1315\">Sim<\/td>\n<\/tr>\n<tr data-start=\"1316\" data-end=\"1341\">\n<td data-start=\"1316\" data-end=\"1330\" data-col-size=\"sm\">Alimenta\u00e7\u00e3o<\/td>\n<td data-start=\"1330\" data-end=\"1341\" data-col-size=\"sm\">Bateria<\/td>\n<\/tr>\n<tr data-start=\"1342\" data-end=\"1386\">\n<td data-start=\"1342\" data-end=\"1353\" data-col-size=\"sm\">Garantia<\/td>\n<td data-col-size=\"sm\" data-start=\"1353\" data-end=\"1386\">1 Ano<\/td>\n<\/tr>\n<tr data-start=\"1387\" data-end=\"1412\">\n<td data-start=\"1387\" data-end=\"1405\" data-col-size=\"sm\">Peso Aproximado<\/td>\n<td data-col-size=\"sm\" data-start=\"1405\" data-end=\"1412\">59g<\/td>\n<\/tr>\n<tr data-start=\"1413\" data-end=\"1443\">\n<td data-start=\"1413\" data-end=\"1433\" data-col-size=\"sm\">Di\u00e2metro da Caixa<\/td>\n<td data-col-size=\"sm\" data-start=\"1433\" data-end=\"1443\">3,8 cm<\/td>\n<\/tr>\n<tr data-start=\"1444\" data-end=\"1475\">\n<td data-start=\"1444\" data-end=\"1465\" data-col-size=\"sm\">Espessura da Caixa<\/td>\n<td data-col-size=\"sm\" data-start=\"1465\" data-end=\"1475\">0,8 cm<\/td>\n<\/tr>\n<tr data-start=\"1476\" data-end=\"1508\">\n<td data-start=\"1476\" data-end=\"1498\" data-col-size=\"sm\">Largura da Pulseira<\/td>\n<td data-col-size=\"sm\" data-start=\"1498\" data-end=\"1508\">1,8 cm<\/td>\n<\/tr>\n<tr data-start=\"1509\" data-end=\"1538\">\n<td data-start=\"1509\" data-end=\"1529\" data-col-size=\"sm\">Comprimento Total<\/td>\n<td data-start=\"1529\" data-end=\"1538\" data-col-size=\"sm\">22 cm<\/td>\n<\/tr>\n<\/tbody>\n<\/table>\n<\/div>\n<\/div>\n<p>&nbsp;<\/p>\n<h2 data-section-id=\"17417r6\" data-start=\"1545\" data-end=\"1558\">IDEAL PARA<\/h2>\n<p data-start=\"1560\" data-end=\"1703\" data-is-last-node=\"\" data-is-only-node=\"\">\u2022 Mulheres modernas e estilosas<br data-start=\"1591\" data-end=\"1594\" \/>\u2022 Looks monocrom\u00e1ticos e sofisticados<br data-start=\"1631\" data-end=\"1634\" \/>\u2022 Uso di\u00e1rio com eleg\u00e2ncia<br data-start=\"1660\" data-end=\"1663\" \/>\u2022 Presentear com personalidade e atitude<\/p>","protected":false},"excerpt":{"rendered":"<p>O rel\u00f3gio digital feminino da Condor entrega um visual moderno, elegante e marcante com seu acabamento totalmente preto e visor digital com LED vermelho. Seu design minimalista all black transmite sofistica\u00e7\u00e3o e personalidade, perfeito para mulheres que gostam de acess\u00f3rios contempor\u00e2neos e estilosos. A pulseira em malha de a\u00e7o proporciona conforto e excelente ajuste ao [&hellip;]<\/p>\n","protected":false},"featured_media":1214,"comment_status":"open","ping_status":"closed","template":"","meta":[],"product_brand":[],"product_cat":[56,18],"product_tag":[],"class_list":{"0":"post-1213","1":"product","2":"type-product","3":"status-publish","4":"has-post-thumbnail","6":"product_cat-promocoes","7":"product_cat-relogio-feminino","9":"first","10":"instock","11":"sale","12":"shipping-taxable","13":"purchasable","14":"product-type-simple"},"_links":{"self":[{"href":"https:\/\/magnatadosrelogios.com.br\/en\/wp-json\/wp\/v2\/product\/1213","targetHints":{"allow":["GET"]}}],"collection":[{"href":"https:\/\/magnatadosrelogios.com.br\/en\/wp-json\/wp\/v2\/product"}],"about":[{"href":"https:\/\/magnatadosrelogios.com.br\/en\/wp-json\/wp\/v2\/types\/product"}],"replies":[{"embeddable":true,"href":"https:\/\/magnatadosrelogios.com.br\/en\/wp-json\/wp\/v2\/comments?post=1213"}],"wp:featuredmedia":[{"embeddable":true,"href":"https:\/\/magnatadosrelogios.com.br\/en\/wp-json\/wp\/v2\/media\/1214"}],"wp:attachment":[{"href":"https:\/\/magnatadosrelogios.com.br\/en\/wp-json\/wp\/v2\/media?parent=1213"}],"wp:term":[{"taxonomy":"product_brand","embeddable":true,"href":"https:\/\/magnatadosrelogios.com.br\/en\/wp-json\/wp\/v2\/product_brand?post=1213"},{"taxonomy":"product_cat","embeddable":true,"href":"https:\/\/magnatadosrelogios.com.br\/en\/wp-json\/wp\/v2\/product_cat?post=1213"},{"taxonomy":"product_tag","embeddable":true,"href":"https:\/\/magnatadosrelogios.com.br\/en\/wp-json\/wp\/v2\/product_tag?post=1213"}],"curies":[{"name":"wp","href":"https:\/\/api.w.org\/{rel}","templated":true}]}}