{"id":1207,"date":"2026-05-12T02:06:56","date_gmt":"2026-05-12T02:06:56","guid":{"rendered":"https:\/\/magnatadosrelogios.com.br\/?post_type=product&#038;p=1207"},"modified":"2026-05-12T02:09:54","modified_gmt":"2026-05-12T02:09:54","slug":"relogio-digital-feminino-condor-dourado-espelhado-7879","status":"publish","type":"product","link":"https:\/\/magnatadosrelogios.com.br\/en\/loja\/relogio-digital-feminino-condor-dourado-espelhado-7879\/","title":{"rendered":"Rel\u00f3gio Digital Feminino Condor Dourado Espelhado 7879"},"content":{"rendered":"<p data-start=\"79\" data-end=\"410\">O rel\u00f3gio digital feminino da <span class=\"hover:entity-accent entity-underline inline cursor-pointer align-baseline\"><span class=\"whitespace-normal\">Condor<\/span><\/span> \u00e9 a escolha perfeita para mulheres que buscam eleg\u00e2ncia, modernidade e sofistica\u00e7\u00e3o em um \u00fanico acess\u00f3rio. Seu acabamento totalmente dourado combinado ao visor espelhado minimalista proporciona um visual luxuoso e contempor\u00e2neo que se destaca em qualquer ocasi\u00e3o.<\/p>\n<p data-start=\"412\" data-end=\"562\">A pulseira em malha de a\u00e7o entrega conforto e excelente ajuste ao pulso, tornando o modelo ideal tanto para o dia a dia quanto para eventos especiais.<\/p>\n<h2 data-section-id=\"6g4avm\" data-start=\"569\" data-end=\"592\">DESTAQUES DO REL\u00d3GIO<\/h2>\n<p data-start=\"594\" data-end=\"811\">Design moderno e sofisticado<br data-start=\"622\" data-end=\"625\" \/>Visor digital espelhado<br data-start=\"648\" data-end=\"651\" \/>Acabamento premium dourado<br data-start=\"677\" data-end=\"680\" \/>Pulseira em malha de a\u00e7o confort\u00e1vel<br data-start=\"716\" data-end=\"719\" \/>Visual elegante e minimalista<br data-start=\"748\" data-end=\"751\" \/>Modelo leve e vers\u00e1til<br data-start=\"773\" data-end=\"776\" \/>Fecho ajust\u00e1vel com \u00f3timo encaixe<\/p>\n<h2 data-section-id=\"1x72ei5\" data-start=\"818\" data-end=\"844\">ESPECIFICA\u00c7\u00d5ES T\u00c9CNICAS<\/h2>\n<div class=\"TyagGW_tableContainer\">\n<div class=\"group TyagGW_tableWrapper flex flex-col-reverse w-fit\" tabindex=\"-1\">\n<table class=\"w-fit min-w-(--thread-content-width)\" style=\"height: 625px;\" width=\"443\" data-start=\"846\" data-end=\"1514\">\n<thead data-start=\"846\" data-end=\"874\">\n<tr data-start=\"846\" data-end=\"874\">\n<th class=\"\" data-start=\"846\" data-end=\"862\" data-col-size=\"sm\">ESPECIFICA\u00c7\u00c3O<\/th>\n<th class=\"\" data-start=\"862\" data-end=\"874\" data-col-size=\"sm\">DETALHES<\/th>\n<\/tr>\n<\/thead>\n<tbody data-start=\"885\" data-end=\"1514\">\n<tr data-start=\"885\" data-end=\"903\">\n<td data-start=\"885\" data-end=\"893\" data-col-size=\"sm\">Marca<\/td>\n<td data-start=\"893\" data-end=\"903\" data-col-size=\"sm\">Condor<\/td>\n<\/tr>\n<tr data-start=\"904\" data-end=\"925\">\n<td data-start=\"904\" data-end=\"913\" data-col-size=\"sm\">G\u00eanero<\/td>\n<td data-start=\"913\" data-end=\"925\" data-col-size=\"sm\">Feminino<\/td>\n<\/tr>\n<tr data-start=\"926\" data-end=\"954\">\n<td data-start=\"926\" data-end=\"935\" data-col-size=\"sm\">Modelo<\/td>\n<td data-start=\"935\" data-end=\"954\" data-col-size=\"sm\">Digital Fashion<\/td>\n<\/tr>\n<tr data-start=\"955\" data-end=\"984\">\n<td data-start=\"955\" data-end=\"973\" data-col-size=\"sm\">Tipo de M\u00e1quina<\/td>\n<td data-col-size=\"sm\" data-start=\"973\" data-end=\"984\">Digital<\/td>\n<\/tr>\n<tr data-start=\"985\" data-end=\"1014\">\n<td data-start=\"985\" data-end=\"1005\" data-col-size=\"sm\">Material da Caixa<\/td>\n<td data-col-size=\"sm\" data-start=\"1005\" data-end=\"1014\">Metal<\/td>\n<\/tr>\n<tr data-start=\"1015\" data-end=\"1054\">\n<td data-start=\"1015\" data-end=\"1038\" data-col-size=\"sm\">Material da Pulseira<\/td>\n<td data-col-size=\"sm\" data-start=\"1038\" data-end=\"1054\">Malha de a\u00e7o<\/td>\n<\/tr>\n<tr data-start=\"1055\" data-end=\"1081\">\n<td data-start=\"1055\" data-end=\"1070\" data-col-size=\"sm\">Cor da Caixa<\/td>\n<td data-col-size=\"sm\" data-start=\"1070\" data-end=\"1081\">Dourado<\/td>\n<\/tr>\n<tr data-start=\"1082\" data-end=\"1111\">\n<td data-start=\"1082\" data-end=\"1100\" data-col-size=\"sm\">Cor da Pulseira<\/td>\n<td data-col-size=\"sm\" data-start=\"1100\" data-end=\"1111\">Dourado<\/td>\n<\/tr>\n<tr data-start=\"1112\" data-end=\"1152\">\n<td data-start=\"1112\" data-end=\"1131\" data-col-size=\"sm\">Cor do Mostrador<\/td>\n<td data-col-size=\"sm\" data-start=\"1131\" data-end=\"1152\">Dourado Espelhado<\/td>\n<\/tr>\n<tr data-start=\"1153\" data-end=\"1183\">\n<td data-start=\"1153\" data-end=\"1172\" data-col-size=\"sm\">Formato da Caixa<\/td>\n<td data-col-size=\"sm\" data-start=\"1172\" data-end=\"1183\">Redondo<\/td>\n<\/tr>\n<tr data-start=\"1184\" data-end=\"1213\">\n<td data-start=\"1184\" data-end=\"1200\" data-col-size=\"sm\">Tipo de Fecho<\/td>\n<td data-col-size=\"sm\" data-start=\"1200\" data-end=\"1213\">Ajust\u00e1vel<\/td>\n<\/tr>\n<tr data-start=\"1214\" data-end=\"1243\">\n<td data-start=\"1214\" data-end=\"1223\" data-col-size=\"sm\">Estilo<\/td>\n<td data-col-size=\"sm\" data-start=\"1223\" data-end=\"1243\">Casual \/ Fashion<\/td>\n<\/tr>\n<tr data-start=\"1244\" data-end=\"1291\">\n<td data-start=\"1244\" data-end=\"1265\" data-col-size=\"sm\">Resist\u00eancia \u00e0 \u00c1gua<\/td>\n<td data-col-size=\"sm\" data-start=\"1265\" data-end=\"1291\">Sim<\/td>\n<\/tr>\n<tr data-start=\"1292\" data-end=\"1317\">\n<td data-start=\"1292\" data-end=\"1306\" data-col-size=\"sm\">Alimenta\u00e7\u00e3o<\/td>\n<td data-col-size=\"sm\" data-start=\"1306\" data-end=\"1317\">Bateria<\/td>\n<\/tr>\n<tr data-start=\"1318\" data-end=\"1362\">\n<td data-start=\"1318\" data-end=\"1329\" data-col-size=\"sm\">Garantia<\/td>\n<td data-start=\"1329\" data-end=\"1362\" data-col-size=\"sm\">1 Ano<\/td>\n<\/tr>\n<tr data-start=\"1363\" data-end=\"1388\">\n<td data-start=\"1363\" data-end=\"1381\" data-col-size=\"sm\">Peso Aproximado<\/td>\n<td data-col-size=\"sm\" data-start=\"1381\" data-end=\"1388\">58g<\/td>\n<\/tr>\n<tr data-start=\"1389\" data-end=\"1419\">\n<td data-start=\"1389\" data-end=\"1409\" data-col-size=\"sm\">Di\u00e2metro da Caixa<\/td>\n<td data-col-size=\"sm\" data-start=\"1409\" data-end=\"1419\">3,7 cm<\/td>\n<\/tr>\n<tr data-start=\"1420\" data-end=\"1451\">\n<td data-start=\"1420\" data-end=\"1441\" data-col-size=\"sm\">Espessura da Caixa<\/td>\n<td data-col-size=\"sm\" data-start=\"1441\" data-end=\"1451\">0,8 cm<\/td>\n<\/tr>\n<tr data-start=\"1452\" data-end=\"1484\">\n<td data-start=\"1452\" data-end=\"1474\" data-col-size=\"sm\">Largura da Pulseira<\/td>\n<td data-col-size=\"sm\" data-start=\"1474\" data-end=\"1484\">1,8 cm<\/td>\n<\/tr>\n<tr data-start=\"1485\" data-end=\"1514\">\n<td data-start=\"1485\" data-end=\"1505\" data-col-size=\"sm\">Comprimento Total<\/td>\n<td data-col-size=\"sm\" data-start=\"1505\" data-end=\"1514\">22 cm<\/td>\n<\/tr>\n<\/tbody>\n<\/table>\n<\/div>\n<\/div>","protected":false},"excerpt":{"rendered":"<p>O rel\u00f3gio digital feminino da Condor \u00e9 a escolha perfeita para mulheres que buscam eleg\u00e2ncia, modernidade e sofistica\u00e7\u00e3o em um \u00fanico acess\u00f3rio. Seu acabamento totalmente dourado combinado ao visor espelhado minimalista proporciona um visual luxuoso e contempor\u00e2neo que se destaca em qualquer ocasi\u00e3o. A pulseira em malha de a\u00e7o entrega conforto e excelente ajuste ao [&hellip;]<\/p>\n","protected":false},"featured_media":1208,"comment_status":"open","ping_status":"closed","template":"","meta":[],"product_brand":[],"product_cat":[56,18],"product_tag":[],"class_list":{"0":"post-1207","1":"product","2":"type-product","3":"status-publish","4":"has-post-thumbnail","6":"product_cat-promocoes","7":"product_cat-relogio-feminino","9":"first","10":"instock","11":"sale","12":"shipping-taxable","13":"purchasable","14":"product-type-simple"},"_links":{"self":[{"href":"https:\/\/magnatadosrelogios.com.br\/en\/wp-json\/wp\/v2\/product\/1207","targetHints":{"allow":["GET"]}}],"collection":[{"href":"https:\/\/magnatadosrelogios.com.br\/en\/wp-json\/wp\/v2\/product"}],"about":[{"href":"https:\/\/magnatadosrelogios.com.br\/en\/wp-json\/wp\/v2\/types\/product"}],"replies":[{"embeddable":true,"href":"https:\/\/magnatadosrelogios.com.br\/en\/wp-json\/wp\/v2\/comments?post=1207"}],"wp:featuredmedia":[{"embeddable":true,"href":"https:\/\/magnatadosrelogios.com.br\/en\/wp-json\/wp\/v2\/media\/1208"}],"wp:attachment":[{"href":"https:\/\/magnatadosrelogios.com.br\/en\/wp-json\/wp\/v2\/media?parent=1207"}],"wp:term":[{"taxonomy":"product_brand","embeddable":true,"href":"https:\/\/magnatadosrelogios.com.br\/en\/wp-json\/wp\/v2\/product_brand?post=1207"},{"taxonomy":"product_cat","embeddable":true,"href":"https:\/\/magnatadosrelogios.com.br\/en\/wp-json\/wp\/v2\/product_cat?post=1207"},{"taxonomy":"product_tag","embeddable":true,"href":"https:\/\/magnatadosrelogios.com.br\/en\/wp-json\/wp\/v2\/product_tag?post=1207"}],"curies":[{"name":"wp","href":"https:\/\/api.w.org\/{rel}","templated":true}]}}