{"id":1203,"date":"2026-05-12T01:58:42","date_gmt":"2026-05-12T01:58:42","guid":{"rendered":"https:\/\/magnatadosrelogios.com.br\/?post_type=product&#038;p=1203"},"modified":"2026-05-12T01:58:44","modified_gmt":"2026-05-12T01:58:44","slug":"relogio-digital-feminino-condor-rose-gold-led-6237","status":"publish","type":"product","link":"https:\/\/magnatadosrelogios.com.br\/en\/loja\/relogio-digital-feminino-condor-rose-gold-led-6237\/","title":{"rendered":"Rel\u00f3gio Digital Feminino Condor Ros\u00e9 Gold LED 6237"},"content":{"rendered":"<p>O rel\u00f3gio digital feminino da <span class=\"hover:entity-accent entity-underline inline cursor-pointer align-baseline\"><span class=\"whitespace-normal\">Condor<\/span><\/span> combina sofistica\u00e7\u00e3o, tecnologia e estilo em um design moderno e elegante. Seu acabamento ros\u00e9 gold com visor preto espelhado e ilumina\u00e7\u00e3o LED vermelha cria um visual marcante e contempor\u00e2neo, ideal para mulheres que gostam de acess\u00f3rios diferenciados e cheios de personalidade.<\/p>\n<p>A pulseira em malha de a\u00e7o proporciona conforto, leveza e excelente ajuste ao pulso, tornando o modelo perfeito para o uso di\u00e1rio ou ocasi\u00f5es especiais.<\/p>\n<p>&nbsp;<\/p>\n<h2 data-section-id=\"6g4avm\" data-start=\"582\" data-end=\"605\">DESTAQUES DO REL\u00d3GIO<\/h2>\n<p data-start=\"607\" data-end=\"835\">Design moderno e sofisticado<br data-start=\"635\" data-end=\"638\" \/>Visor digital com LED vermelho<br data-start=\"668\" data-end=\"671\" \/>Acabamento premium ros\u00e9 gold<br data-start=\"699\" data-end=\"702\" \/>Pulseira em malha de a\u00e7o confort\u00e1vel<br data-start=\"738\" data-end=\"741\" \/>Visual elegante e contempor\u00e2neo<br data-start=\"772\" data-end=\"775\" \/>Modelo leve e estiloso<br data-start=\"797\" data-end=\"800\" \/>Fecho ajust\u00e1vel com \u00f3timo encaixe<\/p>\n<p data-start=\"607\" data-end=\"835\">\n<h2 data-section-id=\"1x72ei5\" data-start=\"842\" data-end=\"868\">ESPECIFICA\u00c7\u00d5ES T\u00c9CNICAS<\/h2>\n<div class=\"TyagGW_tableContainer\">\n<div class=\"group TyagGW_tableWrapper flex flex-col-reverse w-fit\" tabindex=\"-1\">\n<table class=\"w-fit min-w-(--thread-content-width)\" style=\"height: 664px;\" width=\"406\" data-start=\"870\" data-end=\"1574\">\n<thead data-start=\"870\" data-end=\"898\">\n<tr data-start=\"870\" data-end=\"898\">\n<th class=\"\" data-start=\"870\" data-end=\"886\" data-col-size=\"sm\">ESPECIFICA\u00c7\u00c3O<\/th>\n<th class=\"\" data-start=\"886\" data-end=\"898\" data-col-size=\"sm\">DETALHES<\/th>\n<\/tr>\n<\/thead>\n<tbody data-start=\"909\" data-end=\"1574\">\n<tr data-start=\"909\" data-end=\"927\">\n<td data-start=\"909\" data-end=\"917\" data-col-size=\"sm\">Marca<\/td>\n<td data-col-size=\"sm\" data-start=\"917\" data-end=\"927\">Condor<\/td>\n<\/tr>\n<tr data-start=\"928\" data-end=\"949\">\n<td data-start=\"928\" data-end=\"937\" data-col-size=\"sm\">G\u00eanero<\/td>\n<td data-start=\"937\" data-end=\"949\" data-col-size=\"sm\">Feminino<\/td>\n<\/tr>\n<tr data-start=\"950\" data-end=\"982\">\n<td data-start=\"950\" data-end=\"959\" data-col-size=\"sm\">Modelo<\/td>\n<td data-col-size=\"sm\" data-start=\"959\" data-end=\"982\">Digital LED Fashion<\/td>\n<\/tr>\n<tr data-start=\"983\" data-end=\"1012\">\n<td data-start=\"983\" data-end=\"1001\" data-col-size=\"sm\">Tipo de M\u00e1quina<\/td>\n<td data-col-size=\"sm\" data-start=\"1001\" data-end=\"1012\">Digital<\/td>\n<\/tr>\n<tr data-start=\"1013\" data-end=\"1042\">\n<td data-start=\"1013\" data-end=\"1033\" data-col-size=\"sm\">Material da Caixa<\/td>\n<td data-col-size=\"sm\" data-start=\"1033\" data-end=\"1042\">Metal<\/td>\n<\/tr>\n<tr data-start=\"1043\" data-end=\"1082\">\n<td data-start=\"1043\" data-end=\"1066\" data-col-size=\"sm\">Material da Pulseira<\/td>\n<td data-col-size=\"sm\" data-start=\"1066\" data-end=\"1082\">Malha de a\u00e7o<\/td>\n<\/tr>\n<tr data-start=\"1083\" data-end=\"1111\">\n<td data-start=\"1083\" data-end=\"1098\" data-col-size=\"sm\">Cor da Caixa<\/td>\n<td data-col-size=\"sm\" data-start=\"1098\" data-end=\"1111\">Ros\u00e9 Gold<\/td>\n<\/tr>\n<tr data-start=\"1112\" data-end=\"1143\">\n<td data-start=\"1112\" data-end=\"1130\" data-col-size=\"sm\">Cor da Pulseira<\/td>\n<td data-col-size=\"sm\" data-start=\"1130\" data-end=\"1143\">Ros\u00e9 Gold<\/td>\n<\/tr>\n<tr data-start=\"1144\" data-end=\"1182\">\n<td data-start=\"1144\" data-end=\"1163\" data-col-size=\"sm\">Cor do Mostrador<\/td>\n<td data-col-size=\"sm\" data-start=\"1163\" data-end=\"1182\">Preto Espelhado<\/td>\n<\/tr>\n<tr data-start=\"1183\" data-end=\"1212\">\n<td data-start=\"1183\" data-end=\"1196\" data-col-size=\"sm\">Ilumina\u00e7\u00e3o<\/td>\n<td data-col-size=\"sm\" data-start=\"1196\" data-end=\"1212\">LED Vermelho<\/td>\n<\/tr>\n<tr data-start=\"1213\" data-end=\"1243\">\n<td data-start=\"1213\" data-end=\"1232\" data-col-size=\"sm\">Formato da Caixa<\/td>\n<td data-col-size=\"sm\" data-start=\"1232\" data-end=\"1243\">Redondo<\/td>\n<\/tr>\n<tr data-start=\"1244\" data-end=\"1273\">\n<td data-start=\"1244\" data-end=\"1260\" data-col-size=\"sm\">Tipo de Fecho<\/td>\n<td data-col-size=\"sm\" data-start=\"1260\" data-end=\"1273\">Ajust\u00e1vel<\/td>\n<\/tr>\n<tr data-start=\"1274\" data-end=\"1303\">\n<td data-start=\"1274\" data-end=\"1283\" data-col-size=\"sm\">Estilo<\/td>\n<td data-col-size=\"sm\" data-start=\"1283\" data-end=\"1303\">Casual \/ Fashion<\/td>\n<\/tr>\n<tr data-start=\"1304\" data-end=\"1351\">\n<td data-start=\"1304\" data-end=\"1325\" data-col-size=\"sm\">Resist\u00eancia \u00e0 \u00c1gua<\/td>\n<td data-col-size=\"sm\" data-start=\"1325\" data-end=\"1351\">Sim<\/td>\n<\/tr>\n<tr data-start=\"1352\" data-end=\"1377\">\n<td data-start=\"1352\" data-end=\"1366\" data-col-size=\"sm\">Alimenta\u00e7\u00e3o<\/td>\n<td data-col-size=\"sm\" data-start=\"1366\" data-end=\"1377\">Bateria<\/td>\n<\/tr>\n<tr data-start=\"1378\" data-end=\"1422\">\n<td data-start=\"1378\" data-end=\"1389\" data-col-size=\"sm\">Garantia<\/td>\n<td data-col-size=\"sm\" data-start=\"1389\" data-end=\"1422\">1 Ano<\/td>\n<\/tr>\n<tr data-start=\"1423\" data-end=\"1448\">\n<td data-start=\"1423\" data-end=\"1441\" data-col-size=\"sm\">Peso Aproximado<\/td>\n<td data-col-size=\"sm\" data-start=\"1441\" data-end=\"1448\">59g<\/td>\n<\/tr>\n<tr data-start=\"1449\" data-end=\"1479\">\n<td data-start=\"1449\" data-end=\"1469\" data-col-size=\"sm\">Di\u00e2metro da Caixa<\/td>\n<td data-col-size=\"sm\" data-start=\"1469\" data-end=\"1479\">3,8 cm<\/td>\n<\/tr>\n<tr data-start=\"1480\" data-end=\"1511\">\n<td data-start=\"1480\" data-end=\"1501\" data-col-size=\"sm\">Espessura da Caixa<\/td>\n<td data-col-size=\"sm\" data-start=\"1501\" data-end=\"1511\">0,8 cm<\/td>\n<\/tr>\n<tr data-start=\"1512\" data-end=\"1544\">\n<td data-start=\"1512\" data-end=\"1534\" data-col-size=\"sm\">Largura da Pulseira<\/td>\n<td data-col-size=\"sm\" data-start=\"1534\" data-end=\"1544\">1,8 cm<\/td>\n<\/tr>\n<tr data-start=\"1545\" data-end=\"1574\">\n<td data-start=\"1545\" data-end=\"1565\" data-col-size=\"sm\">Comprimento Total<\/td>\n<td data-start=\"1565\" data-end=\"1574\" data-col-size=\"sm\">22 cm<\/td>\n<\/tr>\n<\/tbody>\n<\/table>\n<\/div>\n<\/div>\n<p data-start=\"607\" data-end=\"835\">\n<p data-start=\"607\" data-end=\"835\">","protected":false},"excerpt":{"rendered":"<p>O rel\u00f3gio digital feminino da Condor combina sofistica\u00e7\u00e3o, tecnologia e estilo em um design moderno e elegante. Seu acabamento ros\u00e9 gold com visor preto espelhado e ilumina\u00e7\u00e3o LED vermelha cria um visual marcante e contempor\u00e2neo, ideal para mulheres que gostam de acess\u00f3rios diferenciados e cheios de personalidade. A pulseira em malha de a\u00e7o proporciona conforto, [&hellip;]<\/p>\n","protected":false},"featured_media":1204,"comment_status":"open","ping_status":"closed","template":"","meta":[],"product_brand":[],"product_cat":[56,18],"product_tag":[],"class_list":{"0":"post-1203","1":"product","2":"type-product","3":"status-publish","4":"has-post-thumbnail","6":"product_cat-promocoes","7":"product_cat-relogio-feminino","9":"first","10":"instock","11":"sale","12":"shipping-taxable","13":"purchasable","14":"product-type-simple"},"_links":{"self":[{"href":"https:\/\/magnatadosrelogios.com.br\/en\/wp-json\/wp\/v2\/product\/1203","targetHints":{"allow":["GET"]}}],"collection":[{"href":"https:\/\/magnatadosrelogios.com.br\/en\/wp-json\/wp\/v2\/product"}],"about":[{"href":"https:\/\/magnatadosrelogios.com.br\/en\/wp-json\/wp\/v2\/types\/product"}],"replies":[{"embeddable":true,"href":"https:\/\/magnatadosrelogios.com.br\/en\/wp-json\/wp\/v2\/comments?post=1203"}],"wp:featuredmedia":[{"embeddable":true,"href":"https:\/\/magnatadosrelogios.com.br\/en\/wp-json\/wp\/v2\/media\/1204"}],"wp:attachment":[{"href":"https:\/\/magnatadosrelogios.com.br\/en\/wp-json\/wp\/v2\/media?parent=1203"}],"wp:term":[{"taxonomy":"product_brand","embeddable":true,"href":"https:\/\/magnatadosrelogios.com.br\/en\/wp-json\/wp\/v2\/product_brand?post=1203"},{"taxonomy":"product_cat","embeddable":true,"href":"https:\/\/magnatadosrelogios.com.br\/en\/wp-json\/wp\/v2\/product_cat?post=1203"},{"taxonomy":"product_tag","embeddable":true,"href":"https:\/\/magnatadosrelogios.com.br\/en\/wp-json\/wp\/v2\/product_tag?post=1203"}],"curies":[{"name":"wp","href":"https:\/\/api.w.org\/{rel}","templated":true}]}}