{"id":1201,"date":"2026-05-12T01:50:03","date_gmt":"2026-05-12T01:50:03","guid":{"rendered":"https:\/\/magnatadosrelogios.com.br\/?post_type=product&#038;p=1201"},"modified":"2026-05-12T01:50:05","modified_gmt":"2026-05-12T01:50:05","slug":"relogio-digital-feminino-condor-preto-8901","status":"publish","type":"product","link":"https:\/\/magnatadosrelogios.com.br\/en\/loja\/relogio-digital-feminino-condor-preto-8901\/","title":{"rendered":"Rel\u00f3gio Digital Feminino Condor Preto 8901"},"content":{"rendered":"<p>O rel\u00f3gio digital feminino da <span class=\"hover:entity-accent entity-underline inline cursor-pointer align-baseline\"><span class=\"whitespace-normal\">Condor<\/span><\/span> entrega um visual moderno, elegante e extremamente sofisticado. Seu acabamento totalmente preto com visor espelhado cria uma est\u00e9tica minimalista e fashionista, perfeita para mulheres que gostam de acess\u00f3rios discretos, mas marcantes.<\/p>\n<p>&nbsp;<\/p>\n<h2 data-section-id=\"6g4avm\" data-start=\"541\" data-end=\"564\">DESTAQUES DO REL\u00d3GIO<\/h2>\n<p>Design quadrado moderno<br data-start=\"589\" data-end=\"592\" \/>Visual all black sofisticado<br data-start=\"620\" data-end=\"623\" \/>Visor digital espelhado<br data-start=\"646\" data-end=\"649\" \/>Acabamento premium preto fosco<br data-start=\"679\" data-end=\"682\" \/>Pulseira em a\u00e7o resistente<br data-start=\"708\" data-end=\"711\" \/>Modelo elegante e vers\u00e1til<br data-start=\"737\" data-end=\"740\" \/>Fecho confort\u00e1vel e seguro<\/p>\n<p>&nbsp;<\/p>\n<h2 data-section-id=\"1x72ei5\" data-start=\"775\" data-end=\"801\">ESPECIFICA\u00c7\u00d5ES T\u00c9CNICAS<\/h2>\n<div class=\"TyagGW_tableContainer\">\n<div class=\"group TyagGW_tableWrapper flex flex-col-reverse w-fit\" tabindex=\"-1\">\n<table class=\"w-fit min-w-(--thread-content-width)\" style=\"height: 637px;\" width=\"409\" data-start=\"803\" data-end=\"1457\">\n<thead data-start=\"803\" data-end=\"831\">\n<tr data-start=\"803\" data-end=\"831\">\n<th class=\"\" data-start=\"803\" data-end=\"819\" data-col-size=\"sm\">ESPECIFICA\u00c7\u00c3O<\/th>\n<th class=\"\" data-start=\"819\" data-end=\"831\" data-col-size=\"sm\">DETALHES<\/th>\n<\/tr>\n<\/thead>\n<tbody data-start=\"842\" data-end=\"1457\">\n<tr data-start=\"842\" data-end=\"860\">\n<td data-start=\"842\" data-end=\"850\" data-col-size=\"sm\">Marca<\/td>\n<td data-start=\"850\" data-end=\"860\" data-col-size=\"sm\">Condor<\/td>\n<\/tr>\n<tr data-start=\"861\" data-end=\"882\">\n<td data-start=\"861\" data-end=\"870\" data-col-size=\"sm\">G\u00eanero<\/td>\n<td data-start=\"870\" data-end=\"882\" data-col-size=\"sm\">Feminino<\/td>\n<\/tr>\n<tr data-start=\"883\" data-end=\"911\">\n<td data-start=\"883\" data-end=\"892\" data-col-size=\"sm\">Modelo<\/td>\n<td data-start=\"892\" data-end=\"911\" data-col-size=\"sm\">Digital Fashion<\/td>\n<\/tr>\n<tr data-start=\"912\" data-end=\"941\">\n<td data-start=\"912\" data-end=\"930\" data-col-size=\"sm\">Tipo de M\u00e1quina<\/td>\n<td data-start=\"930\" data-end=\"941\" data-col-size=\"sm\">Digital<\/td>\n<\/tr>\n<tr data-start=\"942\" data-end=\"971\">\n<td data-start=\"942\" data-end=\"962\" data-col-size=\"sm\">Material da Caixa<\/td>\n<td data-start=\"962\" data-end=\"971\" data-col-size=\"sm\">Metal<\/td>\n<\/tr>\n<tr data-start=\"972\" data-end=\"1002\">\n<td data-start=\"972\" data-end=\"995\" data-col-size=\"sm\">Material da Pulseira<\/td>\n<td data-start=\"995\" data-end=\"1002\" data-col-size=\"sm\">A\u00e7o<\/td>\n<\/tr>\n<tr data-start=\"1003\" data-end=\"1027\">\n<td data-start=\"1003\" data-end=\"1018\" data-col-size=\"sm\">Cor da Caixa<\/td>\n<td data-start=\"1018\" data-end=\"1027\" data-col-size=\"sm\">Preto<\/td>\n<\/tr>\n<tr data-start=\"1028\" data-end=\"1055\">\n<td data-start=\"1028\" data-end=\"1046\" data-col-size=\"sm\">Cor da Pulseira<\/td>\n<td data-start=\"1046\" data-end=\"1055\" data-col-size=\"sm\">Preto<\/td>\n<\/tr>\n<tr data-start=\"1056\" data-end=\"1094\">\n<td data-start=\"1056\" data-end=\"1075\" data-col-size=\"sm\">Cor do Mostrador<\/td>\n<td data-start=\"1075\" data-end=\"1094\" data-col-size=\"sm\">Preto Espelhado<\/td>\n<\/tr>\n<tr data-start=\"1095\" data-end=\"1126\">\n<td data-start=\"1095\" data-end=\"1114\" data-col-size=\"sm\">Formato da Caixa<\/td>\n<td data-start=\"1114\" data-end=\"1126\" data-col-size=\"sm\">Quadrado<\/td>\n<\/tr>\n<tr data-start=\"1127\" data-end=\"1156\">\n<td data-start=\"1127\" data-end=\"1143\" data-col-size=\"sm\">Tipo de Fecho<\/td>\n<td data-start=\"1143\" data-end=\"1156\" data-col-size=\"sm\">Ajust\u00e1vel<\/td>\n<\/tr>\n<tr data-start=\"1157\" data-end=\"1186\">\n<td data-start=\"1157\" data-end=\"1166\" data-col-size=\"sm\">Estilo<\/td>\n<td data-start=\"1166\" data-end=\"1186\" data-col-size=\"sm\">Casual \/ Fashion<\/td>\n<\/tr>\n<tr data-start=\"1187\" data-end=\"1234\">\n<td data-start=\"1187\" data-end=\"1208\" data-col-size=\"sm\">Resist\u00eancia \u00e0 \u00c1gua<\/td>\n<td data-start=\"1208\" data-end=\"1234\" data-col-size=\"sm\">Sim<\/td>\n<\/tr>\n<tr data-start=\"1235\" data-end=\"1260\">\n<td data-start=\"1235\" data-end=\"1249\" data-col-size=\"sm\">Alimenta\u00e7\u00e3o<\/td>\n<td data-start=\"1249\" data-end=\"1260\" data-col-size=\"sm\">Bateria<\/td>\n<\/tr>\n<tr data-start=\"1261\" data-end=\"1305\">\n<td data-start=\"1261\" data-end=\"1272\" data-col-size=\"sm\">Garantia<\/td>\n<td data-start=\"1272\" data-end=\"1305\" data-col-size=\"sm\">1 Ano<\/td>\n<\/tr>\n<tr data-start=\"1306\" data-end=\"1331\">\n<td data-start=\"1306\" data-end=\"1324\" data-col-size=\"sm\">Peso Aproximado<\/td>\n<td data-col-size=\"sm\" data-start=\"1324\" data-end=\"1331\">62g<\/td>\n<\/tr>\n<tr data-start=\"1332\" data-end=\"1362\">\n<td data-start=\"1332\" data-end=\"1352\" data-col-size=\"sm\">Di\u00e2metro da Caixa<\/td>\n<td data-col-size=\"sm\" data-start=\"1352\" data-end=\"1362\">3,6 cm<\/td>\n<\/tr>\n<tr data-start=\"1363\" data-end=\"1394\">\n<td data-start=\"1363\" data-end=\"1384\" data-col-size=\"sm\">Espessura da Caixa<\/td>\n<td data-start=\"1384\" data-end=\"1394\" data-col-size=\"sm\">0,9 cm<\/td>\n<\/tr>\n<tr data-start=\"1395\" data-end=\"1427\">\n<td data-start=\"1395\" data-end=\"1417\" data-col-size=\"sm\">Largura da Pulseira<\/td>\n<td data-start=\"1417\" data-end=\"1427\" data-col-size=\"sm\">1,8 cm<\/td>\n<\/tr>\n<tr data-start=\"1428\" data-end=\"1457\">\n<td data-start=\"1428\" data-end=\"1448\" data-col-size=\"sm\">Comprimento Total<\/td>\n<td data-start=\"1448\" data-end=\"1457\" data-col-size=\"sm\">22 cm<\/td>\n<\/tr>\n<\/tbody>\n<\/table>\n<\/div>\n<\/div>\n<p data-start=\"566\" data-end=\"768\">","protected":false},"excerpt":{"rendered":"<p>Com design quadrado contempor\u00e2neo e pulseira em a\u00e7o preta, o modelo oferece conforto, resist\u00eancia e muito estilo para o uso di\u00e1rio ou ocasi\u00f5es especiais.<\/p>","protected":false},"featured_media":1202,"comment_status":"open","ping_status":"closed","template":"","meta":[],"product_brand":[],"product_cat":[56,18],"product_tag":[],"class_list":{"0":"post-1201","1":"product","2":"type-product","3":"status-publish","4":"has-post-thumbnail","6":"product_cat-promocoes","7":"product_cat-relogio-feminino","9":"first","10":"instock","11":"sale","12":"shipping-taxable","13":"purchasable","14":"product-type-simple"},"_links":{"self":[{"href":"https:\/\/magnatadosrelogios.com.br\/en\/wp-json\/wp\/v2\/product\/1201","targetHints":{"allow":["GET"]}}],"collection":[{"href":"https:\/\/magnatadosrelogios.com.br\/en\/wp-json\/wp\/v2\/product"}],"about":[{"href":"https:\/\/magnatadosrelogios.com.br\/en\/wp-json\/wp\/v2\/types\/product"}],"replies":[{"embeddable":true,"href":"https:\/\/magnatadosrelogios.com.br\/en\/wp-json\/wp\/v2\/comments?post=1201"}],"wp:featuredmedia":[{"embeddable":true,"href":"https:\/\/magnatadosrelogios.com.br\/en\/wp-json\/wp\/v2\/media\/1202"}],"wp:attachment":[{"href":"https:\/\/magnatadosrelogios.com.br\/en\/wp-json\/wp\/v2\/media?parent=1201"}],"wp:term":[{"taxonomy":"product_brand","embeddable":true,"href":"https:\/\/magnatadosrelogios.com.br\/en\/wp-json\/wp\/v2\/product_brand?post=1201"},{"taxonomy":"product_cat","embeddable":true,"href":"https:\/\/magnatadosrelogios.com.br\/en\/wp-json\/wp\/v2\/product_cat?post=1201"},{"taxonomy":"product_tag","embeddable":true,"href":"https:\/\/magnatadosrelogios.com.br\/en\/wp-json\/wp\/v2\/product_tag?post=1201"}],"curies":[{"name":"wp","href":"https:\/\/api.w.org\/{rel}","templated":true}]}}