{"id":1199,"date":"2026-05-11T19:00:06","date_gmt":"2026-05-11T19:00:06","guid":{"rendered":"https:\/\/magnatadosrelogios.com.br\/?post_type=product&#038;p=1199"},"modified":"2026-05-11T19:00:08","modified_gmt":"2026-05-11T19:00:08","slug":"relogio-digital-feminino-condor-dourado-com-pulseira-bege-8061","status":"publish","type":"product","link":"https:\/\/magnatadosrelogios.com.br\/en\/loja\/relogio-digital-feminino-condor-dourado-com-pulseira-bege-8061\/","title":{"rendered":"Rel\u00f3gio Digital Feminino Condor Dourado com Pulseira Bege 8061"},"content":{"rendered":"<p>O rel\u00f3gio digital feminino da <span class=\"hover:entity-accent entity-underline inline cursor-pointer align-baseline\"><span class=\"whitespace-normal\">Condor<\/span><\/span> combina eleg\u00e2ncia minimalista com um visual moderno e sofisticado. Seu design quadrado com acabamento dourado espelhado transmite requinte, enquanto a pulseira bege traz leveza e delicadeza para compor looks estilosos e vers\u00e1teis.<\/p>\n<p>&nbsp;<\/p>\n<h2 data-section-id=\"6g4avm\" data-start=\"568\" data-end=\"591\">DESTAQUES DO REL\u00d3GIO<\/h2>\n<p data-start=\"593\" data-end=\"810\">Design quadrado sofisticado<br data-start=\"620\" data-end=\"623\" \/>Visor digital espelhado moderno<br data-start=\"654\" data-end=\"657\" \/>Acabamento premium dourado<br data-start=\"683\" data-end=\"686\" \/>Pulseira confort\u00e1vel em silicone bege<br data-start=\"723\" data-end=\"726\" \/>Visual elegante e minimalista<br data-start=\"755\" data-end=\"758\" \/>Modelo leve e moderno<br data-start=\"779\" data-end=\"782\" \/>Fecho confort\u00e1vel e seguro<\/p>\n<p data-start=\"593\" data-end=\"810\">\n<h2 data-section-id=\"1x72ei5\" data-start=\"817\" data-end=\"843\">ESPECIFICA\u00c7\u00d5ES T\u00c9CNICAS<\/h2>\n<div class=\"TyagGW_tableContainer\">\n<div class=\"group TyagGW_tableWrapper flex flex-col-reverse w-fit\" tabindex=\"-1\">\n<table class=\"w-fit min-w-(--thread-content-width)\" style=\"height: 482px;\" width=\"364\" data-start=\"845\" data-end=\"1352\">\n<thead data-start=\"845\" data-end=\"873\">\n<tr data-start=\"845\" data-end=\"873\">\n<th class=\"\" data-start=\"845\" data-end=\"861\" data-col-size=\"sm\">ESPECIFICA\u00c7\u00c3O<\/th>\n<th class=\"\" data-start=\"861\" data-end=\"873\" data-col-size=\"sm\">DETALHES<\/th>\n<\/tr>\n<\/thead>\n<tbody data-start=\"884\" data-end=\"1352\">\n<tr data-start=\"884\" data-end=\"902\">\n<td data-start=\"884\" data-end=\"892\" data-col-size=\"sm\">Marca<\/td>\n<td data-col-size=\"sm\" data-start=\"892\" data-end=\"902\">Condor<\/td>\n<\/tr>\n<tr data-start=\"903\" data-end=\"924\">\n<td data-start=\"903\" data-end=\"912\" data-col-size=\"sm\">G\u00eanero<\/td>\n<td data-col-size=\"sm\" data-start=\"912\" data-end=\"924\">Feminino<\/td>\n<\/tr>\n<tr data-start=\"925\" data-end=\"953\">\n<td data-start=\"925\" data-end=\"934\" data-col-size=\"sm\">Modelo<\/td>\n<td data-col-size=\"sm\" data-start=\"934\" data-end=\"953\">Digital Fashion<\/td>\n<\/tr>\n<tr data-start=\"954\" data-end=\"983\">\n<td data-start=\"954\" data-end=\"972\" data-col-size=\"sm\">Tipo de M\u00e1quina<\/td>\n<td data-col-size=\"sm\" data-start=\"972\" data-end=\"983\">Digital<\/td>\n<\/tr>\n<tr data-start=\"984\" data-end=\"1013\">\n<td data-start=\"984\" data-end=\"1004\" data-col-size=\"sm\">Material da Caixa<\/td>\n<td data-col-size=\"sm\" data-start=\"1004\" data-end=\"1013\">Metal<\/td>\n<\/tr>\n<tr data-start=\"1014\" data-end=\"1049\">\n<td data-start=\"1014\" data-end=\"1037\" data-col-size=\"sm\">Material da Pulseira<\/td>\n<td data-col-size=\"sm\" data-start=\"1037\" data-end=\"1049\">Silicone<\/td>\n<\/tr>\n<tr data-start=\"1050\" data-end=\"1076\">\n<td data-start=\"1050\" data-end=\"1065\" data-col-size=\"sm\">Cor da Caixa<\/td>\n<td data-col-size=\"sm\" data-start=\"1065\" data-end=\"1076\">Dourado<\/td>\n<\/tr>\n<tr data-start=\"1077\" data-end=\"1103\">\n<td data-start=\"1077\" data-end=\"1095\" data-col-size=\"sm\">Cor da Pulseira<\/td>\n<td data-col-size=\"sm\" data-start=\"1095\" data-end=\"1103\">Bege<\/td>\n<\/tr>\n<tr data-start=\"1104\" data-end=\"1144\">\n<td data-start=\"1104\" data-end=\"1123\" data-col-size=\"sm\">Cor do Mostrador<\/td>\n<td data-col-size=\"sm\" data-start=\"1123\" data-end=\"1144\">Dourado Espelhado<\/td>\n<\/tr>\n<tr data-start=\"1145\" data-end=\"1176\">\n<td data-start=\"1145\" data-end=\"1164\" data-col-size=\"sm\">Formato da Caixa<\/td>\n<td data-col-size=\"sm\" data-start=\"1164\" data-end=\"1176\">Quadrado<\/td>\n<\/tr>\n<tr data-start=\"1177\" data-end=\"1203\">\n<td data-start=\"1177\" data-end=\"1193\" data-col-size=\"sm\">Tipo de Fecho<\/td>\n<td data-col-size=\"sm\" data-start=\"1193\" data-end=\"1203\">Fivela<\/td>\n<\/tr>\n<tr data-start=\"1204\" data-end=\"1233\">\n<td data-start=\"1204\" data-end=\"1213\" data-col-size=\"sm\">Estilo<\/td>\n<td data-col-size=\"sm\" data-start=\"1213\" data-end=\"1233\">Casual \/ Fashion<\/td>\n<\/tr>\n<tr data-start=\"1234\" data-end=\"1281\">\n<td data-start=\"1234\" data-end=\"1255\" data-col-size=\"sm\">Resist\u00eancia \u00e0 \u00c1gua<\/td>\n<td data-col-size=\"sm\" data-start=\"1255\" data-end=\"1281\">Resistente a respingos<\/td>\n<\/tr>\n<tr data-start=\"1282\" data-end=\"1307\">\n<td data-start=\"1282\" data-end=\"1296\" data-col-size=\"sm\">Alimenta\u00e7\u00e3o<\/td>\n<td data-start=\"1296\" data-end=\"1307\" data-col-size=\"sm\">Bateria<\/td>\n<\/tr>\n<tr data-start=\"1308\" data-end=\"1352\">\n<td data-start=\"1308\" data-end=\"1319\" data-col-size=\"sm\">Garantia<\/td>\n<td data-col-size=\"sm\" data-start=\"1319\" data-end=\"1352\">1 Ano<\/td>\n<\/tr>\n<\/tbody>\n<\/table>\n<\/div>\n<\/div>\n<p>&nbsp;<\/p>\n<h2 data-section-id=\"17417r6\" data-start=\"1359\" data-end=\"1372\">IDEAL PARA<\/h2>\n<p data-start=\"1374\" data-end=\"1513\" data-is-last-node=\"\" data-is-only-node=\"\">\u2022 Mulheres modernas e elegantes<br data-start=\"1405\" data-end=\"1408\" \/>\u2022 Looks minimalistas e sofisticados<br data-start=\"1443\" data-end=\"1446\" \/>\u2022 Uso di\u00e1rio com conforto<br data-start=\"1471\" data-end=\"1474\" \/>\u2022 Presentear com estilo e personalidade<\/p>","protected":false},"excerpt":{"rendered":"<p>Ideal para mulheres que gostam de acess\u00f3rios modernos, discretos e cheios de personalidade, o modelo entrega conforto no uso di\u00e1rio e um visual fashion para qualquer ocasi\u00e3o.<\/p>","protected":false},"featured_media":1200,"comment_status":"open","ping_status":"closed","template":"","meta":[],"product_brand":[],"product_cat":[56,18],"product_tag":[],"class_list":{"0":"post-1199","1":"product","2":"type-product","3":"status-publish","4":"has-post-thumbnail","6":"product_cat-promocoes","7":"product_cat-relogio-feminino","9":"first","10":"instock","11":"sale","12":"shipping-taxable","13":"purchasable","14":"product-type-simple"},"_links":{"self":[{"href":"https:\/\/magnatadosrelogios.com.br\/en\/wp-json\/wp\/v2\/product\/1199","targetHints":{"allow":["GET"]}}],"collection":[{"href":"https:\/\/magnatadosrelogios.com.br\/en\/wp-json\/wp\/v2\/product"}],"about":[{"href":"https:\/\/magnatadosrelogios.com.br\/en\/wp-json\/wp\/v2\/types\/product"}],"replies":[{"embeddable":true,"href":"https:\/\/magnatadosrelogios.com.br\/en\/wp-json\/wp\/v2\/comments?post=1199"}],"wp:featuredmedia":[{"embeddable":true,"href":"https:\/\/magnatadosrelogios.com.br\/en\/wp-json\/wp\/v2\/media\/1200"}],"wp:attachment":[{"href":"https:\/\/magnatadosrelogios.com.br\/en\/wp-json\/wp\/v2\/media?parent=1199"}],"wp:term":[{"taxonomy":"product_brand","embeddable":true,"href":"https:\/\/magnatadosrelogios.com.br\/en\/wp-json\/wp\/v2\/product_brand?post=1199"},{"taxonomy":"product_cat","embeddable":true,"href":"https:\/\/magnatadosrelogios.com.br\/en\/wp-json\/wp\/v2\/product_cat?post=1199"},{"taxonomy":"product_tag","embeddable":true,"href":"https:\/\/magnatadosrelogios.com.br\/en\/wp-json\/wp\/v2\/product_tag?post=1199"}],"curies":[{"name":"wp","href":"https:\/\/api.w.org\/{rel}","templated":true}]}}