{"id":1195,"date":"2026-05-09T03:08:31","date_gmt":"2026-05-09T03:08:31","guid":{"rendered":"https:\/\/magnatadosrelogios.com.br\/?post_type=product&#038;p=1195"},"modified":"2026-05-09T03:08:36","modified_gmt":"2026-05-09T03:08:36","slug":"relogio-digital-feminino-condor-rose-com-pulseira-nude-4930","status":"publish","type":"product","link":"https:\/\/magnatadosrelogios.com.br\/en\/loja\/relogio-digital-feminino-condor-rose-com-pulseira-nude-4930\/","title":{"rendered":"Rel\u00f3gio Digital Feminino Condor Ros\u00e9 com Pulseira Nude 4930"},"content":{"rendered":"<p>O rel\u00f3gio digital feminino da <span class=\"hover:entity-accent entity-underline inline cursor-pointer align-baseline\"><span class=\"whitespace-normal\">Condor<\/span><\/span> une delicadeza, modernidade e sofistica\u00e7\u00e3o em um \u00fanico acess\u00f3rio. Com caixa quadrada em acabamento ros\u00e9 gold e pulseira nude, o modelo entrega um visual elegante e minimalista, perfeito para mulheres que gostam de acess\u00f3rios leves e estilosos.<\/p>\n<p>&nbsp;<\/p>\n<h2 data-section-id=\"6g4avm\" data-start=\"529\" data-end=\"552\">DESTAQUES DO REL\u00d3GIO<\/h2>\n<p>Design quadrado moderno e elegante<br data-start=\"590\" data-end=\"593\" \/>Visor digital espelhado<br data-start=\"618\" data-end=\"621\" \/>Acabamento sofisticado em ros\u00e9 gold<br data-start=\"658\" data-end=\"661\" \/>Pulseira confort\u00e1vel em silicone nude<br data-start=\"700\" data-end=\"703\" \/>Modelo leve e vers\u00e1til<br data-start=\"727\" data-end=\"730\" \/>Ideal para uso di\u00e1rio e ocasi\u00f5es especiais<br data-start=\"774\" data-end=\"777\" \/>Visual minimalista e contempor\u00e2neo<\/p>\n<p>&nbsp;<\/p>\n<h2 data-section-id=\"1x72ei5\" data-start=\"822\" data-end=\"848\">ESPECIFICA\u00c7\u00d5ES T\u00c9CNICAS<\/h2>\n<div class=\"TyagGW_tableContainer\">\n<div class=\"group TyagGW_tableWrapper flex flex-col-reverse w-fit\" tabindex=\"-1\">\n<table class=\"w-fit min-w-(--thread-content-width)\" style=\"height: 476px;\" width=\"413\" data-start=\"850\" data-end=\"1356\">\n<thead data-start=\"850\" data-end=\"878\">\n<tr data-start=\"850\" data-end=\"878\">\n<th class=\"\" data-start=\"850\" data-end=\"866\" data-col-size=\"sm\">ESPECIFICA\u00c7\u00c3O<\/th>\n<th class=\"\" data-start=\"866\" data-end=\"878\" data-col-size=\"sm\">DETALHES<\/th>\n<\/tr>\n<\/thead>\n<tbody data-start=\"889\" data-end=\"1356\">\n<tr data-start=\"889\" data-end=\"907\">\n<td data-start=\"889\" data-end=\"897\" data-col-size=\"sm\">Marca<\/td>\n<td data-start=\"897\" data-end=\"907\" data-col-size=\"sm\">Condor<\/td>\n<\/tr>\n<tr data-start=\"908\" data-end=\"929\">\n<td data-start=\"908\" data-end=\"917\" data-col-size=\"sm\">G\u00eanero<\/td>\n<td data-col-size=\"sm\" data-start=\"917\" data-end=\"929\">Feminino<\/td>\n<\/tr>\n<tr data-start=\"930\" data-end=\"958\">\n<td data-start=\"930\" data-end=\"939\" data-col-size=\"sm\">Modelo<\/td>\n<td data-col-size=\"sm\" data-start=\"939\" data-end=\"958\">Digital Fashion<\/td>\n<\/tr>\n<tr data-start=\"959\" data-end=\"988\">\n<td data-start=\"959\" data-end=\"977\" data-col-size=\"sm\">Tipo de M\u00e1quina<\/td>\n<td data-col-size=\"sm\" data-start=\"977\" data-end=\"988\">Digital<\/td>\n<\/tr>\n<tr data-start=\"989\" data-end=\"1018\">\n<td data-start=\"989\" data-end=\"1009\" data-col-size=\"sm\">Material da Caixa<\/td>\n<td data-col-size=\"sm\" data-start=\"1009\" data-end=\"1018\">Metal<\/td>\n<\/tr>\n<tr data-start=\"1019\" data-end=\"1054\">\n<td data-start=\"1019\" data-end=\"1042\" data-col-size=\"sm\">Material da Pulseira<\/td>\n<td data-col-size=\"sm\" data-start=\"1042\" data-end=\"1054\">Silicone<\/td>\n<\/tr>\n<tr data-start=\"1055\" data-end=\"1083\">\n<td data-start=\"1055\" data-end=\"1070\" data-col-size=\"sm\">Cor da Caixa<\/td>\n<td data-col-size=\"sm\" data-start=\"1070\" data-end=\"1083\">Ros\u00e9 Gold<\/td>\n<\/tr>\n<tr data-start=\"1084\" data-end=\"1110\">\n<td data-start=\"1084\" data-end=\"1102\" data-col-size=\"sm\">Cor da Pulseira<\/td>\n<td data-col-size=\"sm\" data-start=\"1102\" data-end=\"1110\">Nude<\/td>\n<\/tr>\n<tr data-start=\"1111\" data-end=\"1148\">\n<td data-start=\"1111\" data-end=\"1130\" data-col-size=\"sm\">Cor do Mostrador<\/td>\n<td data-col-size=\"sm\" data-start=\"1130\" data-end=\"1148\">Ros\u00e9 Espelhado<\/td>\n<\/tr>\n<tr data-start=\"1149\" data-end=\"1180\">\n<td data-start=\"1149\" data-end=\"1168\" data-col-size=\"sm\">Formato da Caixa<\/td>\n<td data-col-size=\"sm\" data-start=\"1168\" data-end=\"1180\">Quadrado<\/td>\n<\/tr>\n<tr data-start=\"1181\" data-end=\"1207\">\n<td data-start=\"1181\" data-end=\"1197\" data-col-size=\"sm\">Tipo de Fecho<\/td>\n<td data-col-size=\"sm\" data-start=\"1197\" data-end=\"1207\">Fivela<\/td>\n<\/tr>\n<tr data-start=\"1208\" data-end=\"1237\">\n<td data-start=\"1208\" data-end=\"1217\" data-col-size=\"sm\">Estilo<\/td>\n<td data-col-size=\"sm\" data-start=\"1217\" data-end=\"1237\">Casual \/ Fashion<\/td>\n<\/tr>\n<tr data-start=\"1238\" data-end=\"1285\">\n<td data-start=\"1238\" data-end=\"1259\" data-col-size=\"sm\">Resist\u00eancia \u00e0 \u00c1gua<\/td>\n<td data-col-size=\"sm\" data-start=\"1259\" data-end=\"1285\">Resistente a respingos<\/td>\n<\/tr>\n<tr data-start=\"1286\" data-end=\"1311\">\n<td data-start=\"1286\" data-end=\"1300\" data-col-size=\"sm\">Alimenta\u00e7\u00e3o<\/td>\n<td data-col-size=\"sm\" data-start=\"1300\" data-end=\"1311\">Bateria<\/td>\n<\/tr>\n<tr data-start=\"1312\" data-end=\"1356\">\n<td data-start=\"1312\" data-end=\"1323\" data-col-size=\"sm\">Garantia<\/td>\n<td data-col-size=\"sm\" data-start=\"1323\" data-end=\"1356\">1 Ano<\/td>\n<\/tr>\n<\/tbody>\n<\/table>\n<\/div>\n<\/div>","protected":false},"excerpt":{"rendered":"<p>Seu visor digital espelhado complementa o design contempor\u00e2neo, trazendo personalidade e um toque fashion para qualquer look.<\/p>","protected":false},"featured_media":1196,"comment_status":"open","ping_status":"closed","template":"","meta":[],"product_brand":[],"product_cat":[56,18],"product_tag":[],"class_list":{"0":"post-1195","1":"product","2":"type-product","3":"status-publish","4":"has-post-thumbnail","6":"product_cat-promocoes","7":"product_cat-relogio-feminino","9":"first","10":"instock","11":"sale","12":"shipping-taxable","13":"purchasable","14":"product-type-simple"},"_links":{"self":[{"href":"https:\/\/magnatadosrelogios.com.br\/en\/wp-json\/wp\/v2\/product\/1195","targetHints":{"allow":["GET"]}}],"collection":[{"href":"https:\/\/magnatadosrelogios.com.br\/en\/wp-json\/wp\/v2\/product"}],"about":[{"href":"https:\/\/magnatadosrelogios.com.br\/en\/wp-json\/wp\/v2\/types\/product"}],"replies":[{"embeddable":true,"href":"https:\/\/magnatadosrelogios.com.br\/en\/wp-json\/wp\/v2\/comments?post=1195"}],"wp:featuredmedia":[{"embeddable":true,"href":"https:\/\/magnatadosrelogios.com.br\/en\/wp-json\/wp\/v2\/media\/1196"}],"wp:attachment":[{"href":"https:\/\/magnatadosrelogios.com.br\/en\/wp-json\/wp\/v2\/media?parent=1195"}],"wp:term":[{"taxonomy":"product_brand","embeddable":true,"href":"https:\/\/magnatadosrelogios.com.br\/en\/wp-json\/wp\/v2\/product_brand?post=1195"},{"taxonomy":"product_cat","embeddable":true,"href":"https:\/\/magnatadosrelogios.com.br\/en\/wp-json\/wp\/v2\/product_cat?post=1195"},{"taxonomy":"product_tag","embeddable":true,"href":"https:\/\/magnatadosrelogios.com.br\/en\/wp-json\/wp\/v2\/product_tag?post=1195"}],"curies":[{"name":"wp","href":"https:\/\/api.w.org\/{rel}","templated":true}]}}