{"id":1193,"date":"2026-05-08T16:42:11","date_gmt":"2026-05-08T16:42:11","guid":{"rendered":"https:\/\/magnatadosrelogios.com.br\/?post_type=product&#038;p=1193"},"modified":"2026-05-08T16:42:15","modified_gmt":"2026-05-08T16:42:15","slug":"relogio-digital-feminino-condor-prata-espelhado-quadrado-7876","status":"publish","type":"product","link":"https:\/\/magnatadosrelogios.com.br\/en\/loja\/relogio-digital-feminino-condor-prata-espelhado-quadrado-7876\/","title":{"rendered":"Rel\u00f3gio Digital Feminino Condor Prata Espelhado Quadrado 7876"},"content":{"rendered":"<p>O rel\u00f3gio digital feminino da <span class=\"hover:entity-accent entity-underline inline cursor-pointer align-baseline\"><span class=\"whitespace-normal\">Condor<\/span><\/span> \u00e9 a defini\u00e7\u00e3o de eleg\u00e2ncia moderna. Com design quadrado sofisticado, acabamento prateado e visor espelhado minimalista, o modelo entrega um visual contempor\u00e2neo que combina perfeitamente com mulheres estilosas e aut\u00eanticas.<\/p>\n<p>&nbsp;<\/p>\n<h2 data-section-id=\"6g4avm\" data-start=\"543\" data-end=\"566\">DESTAQUES DO REL\u00d3GIO<\/h2>\n<p data-start=\"568\" data-end=\"826\">Design quadrado moderno e sofisticado<br data-start=\"607\" data-end=\"610\" \/>Visor digital espelhado minimalista<br data-start=\"647\" data-end=\"650\" \/>Acabamento premium prateado<br data-start=\"679\" data-end=\"682\" \/>Pulseira em malha de a\u00e7o confort\u00e1vel<br data-start=\"720\" data-end=\"723\" \/>Estilo elegante e contempor\u00e2neo<br data-start=\"756\" data-end=\"759\" \/>Leve, vers\u00e1til e estiloso<br data-start=\"786\" data-end=\"789\" \/>Fecho ajust\u00e1vel com \u00f3timo encaixe<\/p>\n<p data-start=\"568\" data-end=\"826\">\n<h2 data-section-id=\"1x72ei5\" data-start=\"833\" data-end=\"859\">ESPECIFICA\u00c7\u00d5ES T\u00c9CNICAS<\/h2>\n<div class=\"TyagGW_tableContainer\">\n<div class=\"group TyagGW_tableWrapper flex flex-col-reverse w-fit\" tabindex=\"-1\">\n<table class=\"w-fit min-w-(--thread-content-width)\" style=\"height: 485px;\" width=\"399\" data-start=\"861\" data-end=\"1376\">\n<thead data-start=\"861\" data-end=\"889\">\n<tr data-start=\"861\" data-end=\"889\">\n<th class=\"\" data-start=\"861\" data-end=\"877\" data-col-size=\"sm\">ESPECIFICA\u00c7\u00c3O<\/th>\n<th class=\"\" data-start=\"877\" data-end=\"889\" data-col-size=\"sm\">DETALHES<\/th>\n<\/tr>\n<\/thead>\n<tbody data-start=\"900\" data-end=\"1376\">\n<tr data-start=\"900\" data-end=\"918\">\n<td data-start=\"900\" data-end=\"908\" data-col-size=\"sm\">Marca<\/td>\n<td data-col-size=\"sm\" data-start=\"908\" data-end=\"918\">Condor<\/td>\n<\/tr>\n<tr data-start=\"919\" data-end=\"940\">\n<td data-start=\"919\" data-end=\"928\" data-col-size=\"sm\">G\u00eanero<\/td>\n<td data-col-size=\"sm\" data-start=\"928\" data-end=\"940\">Feminino<\/td>\n<\/tr>\n<tr data-start=\"941\" data-end=\"971\">\n<td data-start=\"941\" data-end=\"950\" data-col-size=\"sm\">Modelo<\/td>\n<td data-col-size=\"sm\" data-start=\"950\" data-end=\"971\">Digital Espelhado<\/td>\n<\/tr>\n<tr data-start=\"972\" data-end=\"1001\">\n<td data-start=\"972\" data-end=\"990\" data-col-size=\"sm\">Tipo de M\u00e1quina<\/td>\n<td data-col-size=\"sm\" data-start=\"990\" data-end=\"1001\">Digital<\/td>\n<\/tr>\n<tr data-start=\"1002\" data-end=\"1031\">\n<td data-start=\"1002\" data-end=\"1022\" data-col-size=\"sm\">Material da Caixa<\/td>\n<td data-col-size=\"sm\" data-start=\"1022\" data-end=\"1031\">Metal<\/td>\n<\/tr>\n<tr data-start=\"1032\" data-end=\"1071\">\n<td data-start=\"1032\" data-end=\"1055\" data-col-size=\"sm\">Material da Pulseira<\/td>\n<td data-col-size=\"sm\" data-start=\"1055\" data-end=\"1071\">Malha de a\u00e7o<\/td>\n<\/tr>\n<tr data-start=\"1072\" data-end=\"1096\">\n<td data-start=\"1072\" data-end=\"1087\" data-col-size=\"sm\">Cor da Caixa<\/td>\n<td data-col-size=\"sm\" data-start=\"1087\" data-end=\"1096\">Prata<\/td>\n<\/tr>\n<tr data-start=\"1097\" data-end=\"1124\">\n<td data-start=\"1097\" data-end=\"1115\" data-col-size=\"sm\">Cor da Pulseira<\/td>\n<td data-col-size=\"sm\" data-start=\"1115\" data-end=\"1124\">Prata<\/td>\n<\/tr>\n<tr data-start=\"1125\" data-end=\"1165\">\n<td data-start=\"1125\" data-end=\"1144\" data-col-size=\"sm\">Cor do Mostrador<\/td>\n<td data-col-size=\"sm\" data-start=\"1144\" data-end=\"1165\">Espelhado \/ Prata<\/td>\n<\/tr>\n<tr data-start=\"1166\" data-end=\"1197\">\n<td data-start=\"1166\" data-end=\"1185\" data-col-size=\"sm\">Formato da Caixa<\/td>\n<td data-col-size=\"sm\" data-start=\"1185\" data-end=\"1197\">Quadrado<\/td>\n<\/tr>\n<tr data-start=\"1198\" data-end=\"1227\">\n<td data-start=\"1198\" data-end=\"1214\" data-col-size=\"sm\">Tipo de Fecho<\/td>\n<td data-col-size=\"sm\" data-start=\"1214\" data-end=\"1227\">Ajust\u00e1vel<\/td>\n<\/tr>\n<tr data-start=\"1228\" data-end=\"1257\">\n<td data-start=\"1228\" data-end=\"1237\" data-col-size=\"sm\">Estilo<\/td>\n<td data-col-size=\"sm\" data-start=\"1237\" data-end=\"1257\">Casual \/ Fashion<\/td>\n<\/tr>\n<tr data-start=\"1258\" data-end=\"1305\">\n<td data-start=\"1258\" data-end=\"1279\" data-col-size=\"sm\">Resist\u00eancia \u00e0 \u00c1gua<\/td>\n<td data-col-size=\"sm\" data-start=\"1279\" data-end=\"1305\">Resistente a respingos<\/td>\n<\/tr>\n<tr data-start=\"1306\" data-end=\"1331\">\n<td data-start=\"1306\" data-end=\"1320\" data-col-size=\"sm\">Alimenta\u00e7\u00e3o<\/td>\n<td data-start=\"1320\" data-end=\"1331\" data-col-size=\"sm\">Bateria<\/td>\n<\/tr>\n<tr data-start=\"1332\" data-end=\"1376\">\n<td data-start=\"1332\" data-end=\"1343\" data-col-size=\"sm\">Garantia<\/td>\n<td data-col-size=\"sm\" data-start=\"1343\" data-end=\"1376\">1 Ano<\/td>\n<\/tr>\n<\/tbody>\n<\/table>\n<\/div>\n<\/div>","protected":false},"excerpt":{"rendered":"<p>Sua pulseira em malha de a\u00e7o proporciona conforto, leveza e um encaixe elegante no pulso, tornando o acess\u00f3rio ideal para o uso di\u00e1rio ou ocasi\u00f5es especiais.<\/p>","protected":false},"featured_media":1194,"comment_status":"open","ping_status":"closed","template":"","meta":[],"product_brand":[],"product_cat":[56,18],"product_tag":[],"class_list":{"0":"post-1193","1":"product","2":"type-product","3":"status-publish","4":"has-post-thumbnail","6":"product_cat-promocoes","7":"product_cat-relogio-feminino","9":"first","10":"instock","11":"sale","12":"shipping-taxable","13":"purchasable","14":"product-type-simple"},"_links":{"self":[{"href":"https:\/\/magnatadosrelogios.com.br\/en\/wp-json\/wp\/v2\/product\/1193","targetHints":{"allow":["GET"]}}],"collection":[{"href":"https:\/\/magnatadosrelogios.com.br\/en\/wp-json\/wp\/v2\/product"}],"about":[{"href":"https:\/\/magnatadosrelogios.com.br\/en\/wp-json\/wp\/v2\/types\/product"}],"replies":[{"embeddable":true,"href":"https:\/\/magnatadosrelogios.com.br\/en\/wp-json\/wp\/v2\/comments?post=1193"}],"wp:featuredmedia":[{"embeddable":true,"href":"https:\/\/magnatadosrelogios.com.br\/en\/wp-json\/wp\/v2\/media\/1194"}],"wp:attachment":[{"href":"https:\/\/magnatadosrelogios.com.br\/en\/wp-json\/wp\/v2\/media?parent=1193"}],"wp:term":[{"taxonomy":"product_brand","embeddable":true,"href":"https:\/\/magnatadosrelogios.com.br\/en\/wp-json\/wp\/v2\/product_brand?post=1193"},{"taxonomy":"product_cat","embeddable":true,"href":"https:\/\/magnatadosrelogios.com.br\/en\/wp-json\/wp\/v2\/product_cat?post=1193"},{"taxonomy":"product_tag","embeddable":true,"href":"https:\/\/magnatadosrelogios.com.br\/en\/wp-json\/wp\/v2\/product_tag?post=1193"}],"curies":[{"name":"wp","href":"https:\/\/api.w.org\/{rel}","templated":true}]}}