{"id":1191,"date":"2026-05-08T16:26:17","date_gmt":"2026-05-08T16:26:17","guid":{"rendered":"https:\/\/magnatadosrelogios.com.br\/?post_type=product&#038;p=1191"},"modified":"2026-05-08T16:26:21","modified_gmt":"2026-05-08T16:26:21","slug":"relogio-digital-feminino-champion-rose-gold-espelhado-8119","status":"publish","type":"product","link":"https:\/\/magnatadosrelogios.com.br\/en\/loja\/relogio-digital-feminino-champion-rose-gold-espelhado-8119\/","title":{"rendered":"Rel\u00f3gio Digital Feminino Champion Ros\u00e9 Gold Espelhado 8119"},"content":{"rendered":"<p>O rel\u00f3gio digital feminino da <span class=\"hover:entity-accent entity-underline inline cursor-pointer align-baseline\"><span class=\"whitespace-normal\">Champion<\/span><\/span> traz um visual moderno e sofisticado para mulheres que gostam de eleg\u00e2ncia com um toque contempor\u00e2neo. Seu acabamento em ros\u00e9 gold combinado ao visor espelhado cria um acess\u00f3rio delicado, estiloso e extremamente vers\u00e1til.<\/p>\n<p>&nbsp;<\/p>\n<h2 data-section-id=\"6g4avm\" data-start=\"538\" data-end=\"561\">DESTAQUES DO REL\u00d3GIO<\/h2>\n<p data-start=\"563\" data-end=\"825\">Design minimalista e sofisticado<br data-start=\"597\" data-end=\"600\" \/>Visor digital espelhado moderno<br data-start=\"633\" data-end=\"636\" \/>Acabamento premium em ros\u00e9 gold<br data-start=\"669\" data-end=\"672\" \/>Pulseira em malha de a\u00e7o confort\u00e1vel<br data-start=\"710\" data-end=\"713\" \/>Modelo elegante e vers\u00e1til<br data-start=\"741\" data-end=\"744\" \/>Fecho seguro com ajuste confort\u00e1vel<br data-start=\"781\" data-end=\"784\" \/>Ideal para looks modernos e refinados<\/p>\n<p data-start=\"563\" data-end=\"825\">\n<h2 data-section-id=\"1x72ei5\" data-start=\"832\" data-end=\"858\">ESPECIFICA\u00c7\u00d5ES T\u00c9CNICAS<\/h2>\n<div class=\"TyagGW_tableContainer\">\n<div class=\"group TyagGW_tableWrapper flex flex-col-reverse w-fit\" tabindex=\"-1\">\n<table class=\"w-fit min-w-(--thread-content-width)\" style=\"height: 483px;\" width=\"395\" data-start=\"860\" data-end=\"1384\">\n<thead data-start=\"860\" data-end=\"888\">\n<tr data-start=\"860\" data-end=\"888\">\n<th class=\"\" data-start=\"860\" data-end=\"876\" data-col-size=\"sm\">ESPECIFICA\u00c7\u00c3O<\/th>\n<th class=\"\" data-start=\"876\" data-end=\"888\" data-col-size=\"sm\">DETALHES<\/th>\n<\/tr>\n<\/thead>\n<tbody data-start=\"899\" data-end=\"1384\">\n<tr data-start=\"899\" data-end=\"919\">\n<td data-start=\"899\" data-end=\"907\" data-col-size=\"sm\">Marca<\/td>\n<td data-col-size=\"sm\" data-start=\"907\" data-end=\"919\">Champion<\/td>\n<\/tr>\n<tr data-start=\"920\" data-end=\"941\">\n<td data-start=\"920\" data-end=\"929\" data-col-size=\"sm\">G\u00eanero<\/td>\n<td data-col-size=\"sm\" data-start=\"929\" data-end=\"941\">Feminino<\/td>\n<\/tr>\n<tr data-start=\"942\" data-end=\"972\">\n<td data-start=\"942\" data-end=\"951\" data-col-size=\"sm\">Modelo<\/td>\n<td data-start=\"951\" data-end=\"972\" data-col-size=\"sm\">Digital Espelhado<\/td>\n<\/tr>\n<tr data-start=\"973\" data-end=\"1002\">\n<td data-start=\"973\" data-end=\"991\" data-col-size=\"sm\">Tipo de M\u00e1quina<\/td>\n<td data-col-size=\"sm\" data-start=\"991\" data-end=\"1002\">Digital<\/td>\n<\/tr>\n<tr data-start=\"1003\" data-end=\"1032\">\n<td data-start=\"1003\" data-end=\"1023\" data-col-size=\"sm\">Material da Caixa<\/td>\n<td data-col-size=\"sm\" data-start=\"1023\" data-end=\"1032\">Metal<\/td>\n<\/tr>\n<tr data-start=\"1033\" data-end=\"1072\">\n<td data-start=\"1033\" data-end=\"1056\" data-col-size=\"sm\">Material da Pulseira<\/td>\n<td data-col-size=\"sm\" data-start=\"1056\" data-end=\"1072\">Malha de a\u00e7o<\/td>\n<\/tr>\n<tr data-start=\"1073\" data-end=\"1101\">\n<td data-start=\"1073\" data-end=\"1088\" data-col-size=\"sm\">Cor da Caixa<\/td>\n<td data-col-size=\"sm\" data-start=\"1088\" data-end=\"1101\">Ros\u00e9 Gold<\/td>\n<\/tr>\n<tr data-start=\"1102\" data-end=\"1133\">\n<td data-start=\"1102\" data-end=\"1120\" data-col-size=\"sm\">Cor da Pulseira<\/td>\n<td data-col-size=\"sm\" data-start=\"1120\" data-end=\"1133\">Ros\u00e9 Gold<\/td>\n<\/tr>\n<tr data-start=\"1134\" data-end=\"1174\">\n<td data-start=\"1134\" data-end=\"1153\" data-col-size=\"sm\">Cor do Mostrador<\/td>\n<td data-col-size=\"sm\" data-start=\"1153\" data-end=\"1174\">Espelhado \/ Prata<\/td>\n<\/tr>\n<tr data-start=\"1175\" data-end=\"1204\">\n<td data-start=\"1175\" data-end=\"1191\" data-col-size=\"sm\">Tipo de Fecho<\/td>\n<td data-col-size=\"sm\" data-start=\"1191\" data-end=\"1204\">Ajust\u00e1vel<\/td>\n<\/tr>\n<tr data-start=\"1205\" data-end=\"1235\">\n<td data-start=\"1205\" data-end=\"1224\" data-col-size=\"sm\">Formato da Caixa<\/td>\n<td data-col-size=\"sm\" data-start=\"1224\" data-end=\"1235\">Redondo<\/td>\n<\/tr>\n<tr data-start=\"1236\" data-end=\"1265\">\n<td data-start=\"1236\" data-end=\"1245\" data-col-size=\"sm\">Estilo<\/td>\n<td data-col-size=\"sm\" data-start=\"1245\" data-end=\"1265\">Casual \/ Fashion<\/td>\n<\/tr>\n<tr data-start=\"1266\" data-end=\"1313\">\n<td data-start=\"1266\" data-end=\"1287\" data-col-size=\"sm\">Resist\u00eancia \u00e0 \u00c1gua<\/td>\n<td data-col-size=\"sm\" data-start=\"1287\" data-end=\"1313\">Resistente a respingos<\/td>\n<\/tr>\n<tr data-start=\"1314\" data-end=\"1339\">\n<td data-start=\"1314\" data-end=\"1328\" data-col-size=\"sm\">Alimenta\u00e7\u00e3o<\/td>\n<td data-start=\"1328\" data-end=\"1339\" data-col-size=\"sm\">Bateria<\/td>\n<\/tr>\n<tr data-start=\"1340\" data-end=\"1384\">\n<td data-start=\"1340\" data-end=\"1351\" data-col-size=\"sm\">Garantia<\/td>\n<td data-col-size=\"sm\" data-start=\"1351\" data-end=\"1384\">1 Ano<\/td>\n<\/tr>\n<\/tbody>\n<\/table>\n<\/div>\n<\/div>","protected":false},"excerpt":{"rendered":"<p>A pulseira em malha de a\u00e7o oferece conforto no pulso e um encaixe elegante, tornando o modelo perfeito tanto para o dia a dia quanto para ocasi\u00f5es especiais.<\/p>","protected":false},"featured_media":1192,"comment_status":"open","ping_status":"closed","template":"","meta":[],"product_brand":[],"product_cat":[56,18],"product_tag":[],"class_list":{"0":"post-1191","1":"product","2":"type-product","3":"status-publish","4":"has-post-thumbnail","6":"product_cat-promocoes","7":"product_cat-relogio-feminino","9":"first","10":"instock","11":"sale","12":"shipping-taxable","13":"purchasable","14":"product-type-simple"},"_links":{"self":[{"href":"https:\/\/magnatadosrelogios.com.br\/en\/wp-json\/wp\/v2\/product\/1191","targetHints":{"allow":["GET"]}}],"collection":[{"href":"https:\/\/magnatadosrelogios.com.br\/en\/wp-json\/wp\/v2\/product"}],"about":[{"href":"https:\/\/magnatadosrelogios.com.br\/en\/wp-json\/wp\/v2\/types\/product"}],"replies":[{"embeddable":true,"href":"https:\/\/magnatadosrelogios.com.br\/en\/wp-json\/wp\/v2\/comments?post=1191"}],"wp:featuredmedia":[{"embeddable":true,"href":"https:\/\/magnatadosrelogios.com.br\/en\/wp-json\/wp\/v2\/media\/1192"}],"wp:attachment":[{"href":"https:\/\/magnatadosrelogios.com.br\/en\/wp-json\/wp\/v2\/media?parent=1191"}],"wp:term":[{"taxonomy":"product_brand","embeddable":true,"href":"https:\/\/magnatadosrelogios.com.br\/en\/wp-json\/wp\/v2\/product_brand?post=1191"},{"taxonomy":"product_cat","embeddable":true,"href":"https:\/\/magnatadosrelogios.com.br\/en\/wp-json\/wp\/v2\/product_cat?post=1191"},{"taxonomy":"product_tag","embeddable":true,"href":"https:\/\/magnatadosrelogios.com.br\/en\/wp-json\/wp\/v2\/product_tag?post=1191"}],"curies":[{"name":"wp","href":"https:\/\/api.w.org\/{rel}","templated":true}]}}