{"id":1188,"date":"2026-05-08T16:13:30","date_gmt":"2026-05-08T16:13:30","guid":{"rendered":"https:\/\/magnatadosrelogios.com.br\/?post_type=product&#038;p=1188"},"modified":"2026-05-08T16:18:42","modified_gmt":"2026-05-08T16:18:42","slug":"relogio-champion-digital-feminino-8123","status":"publish","type":"product","link":"https:\/\/magnatadosrelogios.com.br\/en\/loja\/relogio-champion-digital-feminino-8123\/","title":{"rendered":"Rel\u00f3gio Champion Digital Feminino Dourado 8123"},"content":{"rendered":"<p>O rel\u00f3gio digital feminino da <span class=\"hover:entity-accent entity-underline inline cursor-pointer align-baseline\"><span class=\"whitespace-normal\">Champion<\/span><\/span> combina modernidade, sofistica\u00e7\u00e3o e um visual minimalista que chama aten\u00e7\u00e3o em qualquer ocasi\u00e3o. Seu design dourado com mostrador espelhado entrega um acabamento elegante e contempor\u00e2neo, perfeito para mulheres que gostam de acess\u00f3rios estilosos e vers\u00e1teis.<\/p>\n<p>&nbsp;<\/p>\n<h2 data-section-id=\"6g4avm\" data-start=\"574\" data-end=\"597\">DESTAQUES DO REL\u00d3GIO<\/h2>\n<p data-start=\"599\" data-end=\"832\">Design moderno e sofisticado<br data-start=\"629\" data-end=\"632\" \/>Mostrador digital espelhado<br data-start=\"661\" data-end=\"664\" \/>Acabamento dourado premium<br data-start=\"692\" data-end=\"695\" \/>Pulseira em a\u00e7o resistente<br data-start=\"723\" data-end=\"726\" \/>Modelo elegante para diversas ocasi\u00f5es<br data-start=\"766\" data-end=\"769\" \/>Visual minimalista e luxuoso<br data-start=\"799\" data-end=\"802\" \/>Fecho seguro e confort\u00e1vel<\/p>\n<h2 data-section-id=\"1x72ei5\" data-start=\"839\" data-end=\"865\">ESPECIFICA\u00c7\u00d5ES T\u00c9CNICAS<\/h2>\n<div class=\"TyagGW_tableContainer\">\n<div class=\"group TyagGW_tableWrapper flex flex-col-reverse w-fit\" tabindex=\"-1\">\n<table class=\"w-fit min-w-(--thread-content-width)\" style=\"height: 484px;\" width=\"412\" data-start=\"867\" data-end=\"1377\">\n<thead data-start=\"867\" data-end=\"895\">\n<tr data-start=\"867\" data-end=\"895\">\n<th class=\"\" data-start=\"867\" data-end=\"883\" data-col-size=\"sm\">ESPECIFICA\u00c7\u00c3O<\/th>\n<th class=\"\" data-start=\"883\" data-end=\"895\" data-col-size=\"sm\">DETALHES<\/th>\n<\/tr>\n<\/thead>\n<tbody data-start=\"906\" data-end=\"1377\">\n<tr data-start=\"906\" data-end=\"926\">\n<td data-start=\"906\" data-end=\"914\" data-col-size=\"sm\">Marca<\/td>\n<td data-col-size=\"sm\" data-start=\"914\" data-end=\"926\">Champion<\/td>\n<\/tr>\n<tr data-start=\"927\" data-end=\"948\">\n<td data-start=\"927\" data-end=\"936\" data-col-size=\"sm\">G\u00eanero<\/td>\n<td data-col-size=\"sm\" data-start=\"936\" data-end=\"948\">Feminino<\/td>\n<\/tr>\n<tr data-start=\"949\" data-end=\"979\">\n<td data-start=\"949\" data-end=\"958\" data-col-size=\"sm\">Modelo<\/td>\n<td data-col-size=\"sm\" data-start=\"958\" data-end=\"979\">Digital Espelhado<\/td>\n<\/tr>\n<tr data-start=\"980\" data-end=\"1009\">\n<td data-start=\"980\" data-end=\"998\" data-col-size=\"sm\">Tipo de M\u00e1quina<\/td>\n<td data-col-size=\"sm\" data-start=\"998\" data-end=\"1009\">Digital<\/td>\n<\/tr>\n<tr data-start=\"1010\" data-end=\"1039\">\n<td data-start=\"1010\" data-end=\"1030\" data-col-size=\"sm\">Material da Caixa<\/td>\n<td data-col-size=\"sm\" data-start=\"1030\" data-end=\"1039\">Metal<\/td>\n<\/tr>\n<tr data-start=\"1040\" data-end=\"1070\">\n<td data-start=\"1040\" data-end=\"1063\" data-col-size=\"sm\">Material da Pulseira<\/td>\n<td data-col-size=\"sm\" data-start=\"1063\" data-end=\"1070\">A\u00e7o<\/td>\n<\/tr>\n<tr data-start=\"1071\" data-end=\"1097\">\n<td data-start=\"1071\" data-end=\"1086\" data-col-size=\"sm\">Cor da Caixa<\/td>\n<td data-col-size=\"sm\" data-start=\"1086\" data-end=\"1097\">Dourado<\/td>\n<\/tr>\n<tr data-start=\"1098\" data-end=\"1127\">\n<td data-start=\"1098\" data-end=\"1116\" data-col-size=\"sm\">Cor da Pulseira<\/td>\n<td data-col-size=\"sm\" data-start=\"1116\" data-end=\"1127\">Dourado<\/td>\n<\/tr>\n<tr data-start=\"1128\" data-end=\"1168\">\n<td data-start=\"1128\" data-end=\"1147\" data-col-size=\"sm\">Cor do Mostrador<\/td>\n<td data-col-size=\"sm\" data-start=\"1147\" data-end=\"1168\">Espelhado \/ Prata<\/td>\n<\/tr>\n<tr data-start=\"1169\" data-end=\"1197\">\n<td data-start=\"1169\" data-end=\"1185\" data-col-size=\"sm\">Tipo de Fecho<\/td>\n<td data-col-size=\"sm\" data-start=\"1185\" data-end=\"1197\">Dobr\u00e1vel<\/td>\n<\/tr>\n<tr data-start=\"1198\" data-end=\"1228\">\n<td data-start=\"1198\" data-end=\"1217\" data-col-size=\"sm\">Formato da Caixa<\/td>\n<td data-col-size=\"sm\" data-start=\"1217\" data-end=\"1228\">Redondo<\/td>\n<\/tr>\n<tr data-start=\"1229\" data-end=\"1258\">\n<td data-start=\"1229\" data-end=\"1238\" data-col-size=\"sm\">Estilo<\/td>\n<td data-col-size=\"sm\" data-start=\"1238\" data-end=\"1258\">Casual \/ Fashion<\/td>\n<\/tr>\n<tr data-start=\"1259\" data-end=\"1306\">\n<td data-start=\"1259\" data-end=\"1280\" data-col-size=\"sm\">Resist\u00eancia \u00e0 \u00c1gua<\/td>\n<td data-col-size=\"sm\" data-start=\"1280\" data-end=\"1306\">Resistente a respingos<\/td>\n<\/tr>\n<tr data-start=\"1307\" data-end=\"1332\">\n<td data-start=\"1307\" data-end=\"1321\" data-col-size=\"sm\">Alimenta\u00e7\u00e3o<\/td>\n<td data-col-size=\"sm\" data-start=\"1321\" data-end=\"1332\">Bateria<\/td>\n<\/tr>\n<tr data-start=\"1333\" data-end=\"1377\">\n<td data-start=\"1333\" data-end=\"1344\" data-col-size=\"sm\">Garantia<\/td>\n<td data-col-size=\"sm\" data-start=\"1344\" data-end=\"1377\">1 Ano<\/td>\n<\/tr>\n<\/tbody>\n<\/table>\n<\/div>\n<p>&nbsp;<\/p>\n<\/div>","protected":false},"excerpt":{"rendered":"<p>Al\u00e9m da est\u00e9tica premium, o modelo oferece praticidade no dia a dia com visor digital de f\u00e1cil visualiza\u00e7\u00e3o e pulseira em a\u00e7o confort\u00e1vel para uso prolongado.<\/p>","protected":false},"featured_media":1185,"comment_status":"open","ping_status":"closed","template":"","meta":[],"product_brand":[],"product_cat":[56,18],"product_tag":[],"class_list":{"0":"post-1188","1":"product","2":"type-product","3":"status-publish","4":"has-post-thumbnail","6":"product_cat-promocoes","7":"product_cat-relogio-feminino","9":"first","10":"instock","11":"sale","12":"shipping-taxable","13":"purchasable","14":"product-type-simple"},"_links":{"self":[{"href":"https:\/\/magnatadosrelogios.com.br\/en\/wp-json\/wp\/v2\/product\/1188","targetHints":{"allow":["GET"]}}],"collection":[{"href":"https:\/\/magnatadosrelogios.com.br\/en\/wp-json\/wp\/v2\/product"}],"about":[{"href":"https:\/\/magnatadosrelogios.com.br\/en\/wp-json\/wp\/v2\/types\/product"}],"replies":[{"embeddable":true,"href":"https:\/\/magnatadosrelogios.com.br\/en\/wp-json\/wp\/v2\/comments?post=1188"}],"wp:featuredmedia":[{"embeddable":true,"href":"https:\/\/magnatadosrelogios.com.br\/en\/wp-json\/wp\/v2\/media\/1185"}],"wp:attachment":[{"href":"https:\/\/magnatadosrelogios.com.br\/en\/wp-json\/wp\/v2\/media?parent=1188"}],"wp:term":[{"taxonomy":"product_brand","embeddable":true,"href":"https:\/\/magnatadosrelogios.com.br\/en\/wp-json\/wp\/v2\/product_brand?post=1188"},{"taxonomy":"product_cat","embeddable":true,"href":"https:\/\/magnatadosrelogios.com.br\/en\/wp-json\/wp\/v2\/product_cat?post=1188"},{"taxonomy":"product_tag","embeddable":true,"href":"https:\/\/magnatadosrelogios.com.br\/en\/wp-json\/wp\/v2\/product_tag?post=1188"}],"curies":[{"name":"wp","href":"https:\/\/api.w.org\/{rel}","templated":true}]}}