{"id":11,"date":"2026-01-08T19:27:06","date_gmt":"2026-01-08T19:27:06","guid":{"rendered":"https:\/\/magnatadosrelogios.com.br\/carrinho\/"},"modified":"2026-05-11T16:21:22","modified_gmt":"2026-05-11T16:21:22","slug":"carrinho","status":"publish","type":"page","link":"https:\/\/magnatadosrelogios.com.br\/en\/carrinho\/","title":{"rendered":"Carrinho"},"content":{"rendered":"<div data-elementor-type=\"wp-page\" data-elementor-id=\"11\" class=\"elementor elementor-11\" data-elementor-post-type=\"page\">\n\t\t\t\t<div class=\"elementor-element elementor-element-393d71a e-flex e-con-boxed e-con e-parent\" data-id=\"393d71a\" data-element_type=\"container\" data-e-type=\"container\" data-settings=\"{&quot;background_background&quot;:&quot;classic&quot;}\">\n\t\t\t\t\t<div class=\"e-con-inner\">\n\t\t\t\t\t<\/div>\n\t\t\t\t<\/div>\n\t\t\t\t<\/div>","protected":false},"excerpt":{"rendered":"<p>Remover item Imagem de miniatura Produto Pre\u00e7o Quantidade Subtotal &times; Rel\u00f3gio Lince Masculino Digital Prata &#82;&#36;&nbsp;232,00 Rel\u00f3gio Lince Masculino Digital Prata quantidade &#82;&#36;&nbsp;232,00 Atualizar o carrinho Aplicar cupom Total no carrinho Subtotal &#82;&#36;&nbsp;232,00 Remessa 1 Correios Sedex: &#82;&#36;&nbsp;86,54 Previs\u00e3o de entrega em at\u00e9 2 dias \u00fateis Correios Pac: &#82;&#36;&nbsp;42,06 Previs\u00e3o de entrega em at\u00e9 19 [&hellip;]<\/p>\n","protected":false},"author":1,"featured_media":0,"parent":0,"menu_order":0,"comment_status":"closed","ping_status":"closed","template":"elementor_header_footer","meta":{"footnotes":""},"class_list":["post-11","page","type-page","status-publish","hentry"],"_links":{"self":[{"href":"https:\/\/magnatadosrelogios.com.br\/en\/wp-json\/wp\/v2\/pages\/11","targetHints":{"allow":["GET"]}}],"collection":[{"href":"https:\/\/magnatadosrelogios.com.br\/en\/wp-json\/wp\/v2\/pages"}],"about":[{"href":"https:\/\/magnatadosrelogios.com.br\/en\/wp-json\/wp\/v2\/types\/page"}],"author":[{"embeddable":true,"href":"https:\/\/magnatadosrelogios.com.br\/en\/wp-json\/wp\/v2\/users\/1"}],"replies":[{"embeddable":true,"href":"https:\/\/magnatadosrelogios.com.br\/en\/wp-json\/wp\/v2\/comments?post=11"}],"version-history":[{"count":40,"href":"https:\/\/magnatadosrelogios.com.br\/en\/wp-json\/wp\/v2\/pages\/11\/revisions"}],"predecessor-version":[{"id":1158,"href":"https:\/\/magnatadosrelogios.com.br\/en\/wp-json\/wp\/v2\/pages\/11\/revisions\/1158"}],"wp:attachment":[{"href":"https:\/\/magnatadosrelogios.com.br\/en\/wp-json\/wp\/v2\/media?parent=11"}],"curies":[{"name":"wp","href":"https:\/\/api.w.org\/{rel}","templated":true}]}}