{"id":1079,"date":"2026-03-11T21:04:01","date_gmt":"2026-03-11T21:04:01","guid":{"rendered":"https:\/\/magnatadosrelogios.com.br\/?page_id=1079"},"modified":"2026-03-11T21:08:33","modified_gmt":"2026-03-11T21:08:33","slug":"politicas-de-entregas-e-prazos","status":"publish","type":"page","link":"https:\/\/magnatadosrelogios.com.br\/en\/politicas-de-entregas-e-prazos\/","title":{"rendered":"Pol\u00edticas de Entregas e Prazos"},"content":{"rendered":"<div data-elementor-type=\"wp-page\" data-elementor-id=\"1079\" class=\"elementor elementor-1079\" data-elementor-post-type=\"page\">\n\t\t\t\t<div class=\"elementor-element elementor-element-6658f22e e-flex e-con-boxed e-con e-parent\" data-id=\"6658f22e\" data-element_type=\"container\" data-e-type=\"container\">\n\t\t\t\t\t<div class=\"e-con-inner\">\n\t\t\t\t<div class=\"elementor-element elementor-element-32cb76a elementor-widget elementor-widget-heading\" data-id=\"32cb76a\" data-element_type=\"widget\" data-e-type=\"widget\" data-widget_type=\"heading.default\">\n\t\t\t\t\t<h2 class=\"elementor-heading-title elementor-size-default\">Pol\u00edtica de Entregas e Prazos \u2013 Magnata dos Rel\u00f3gios<\/h2>\t\t\t\t<\/div>\n\t\t\t\t<div class=\"elementor-element elementor-element-1e230228 elementor-widget elementor-widget-text-editor\" data-id=\"1e230228\" data-element_type=\"widget\" data-e-type=\"widget\" data-widget_type=\"text-editor.default\">\n\t\t\t\t\t\t\t\t\t<p><\/p>\n<h4 class=\"wp-block-heading\" data-start=\"35\" data-end=\"227\"><strong data-start=\"35\" data-end=\"59\">1. Prazos de Entrega<\/strong><\/h4>\n<p data-start=\"35\" data-end=\"227\">O prazo para entrega come\u00e7a a ser contado ap\u00f3s a confirma\u00e7\u00e3o do pagamento e a aprova\u00e7\u00e3o do pedido pela institui\u00e7\u00e3o financeira, o que pode levar at\u00e9 <strong data-start=\"210\" data-end=\"226\">2 dias \u00fateis<\/strong>.<\/p>\n<p data-start=\"229\" data-end=\"451\">O prazo \u00e9 calculado em <strong data-start=\"252\" data-end=\"266\">dias \u00fateis<\/strong>, de segunda a sexta-feira, das <strong data-start=\"298\" data-end=\"312\">08h \u00e0s 18h<\/strong>. Em alguns casos, as entregas podem ocorrer aos s\u00e1bados, domingos e feriados, dependendo da disponibilidade da transportadora respons\u00e1vel.<\/p>\n<p data-start=\"453\" data-end=\"646\">A estimativa de prazo pode variar de acordo com a <strong data-start=\"503\" data-end=\"558\">regi\u00e3o de entrega e a modalidade de frete escolhida<\/strong> no momento da compra. Essa informa\u00e7\u00e3o ser\u00e1 apresentada durante a finaliza\u00e7\u00e3o do pedido.<\/p>\n<p data-start=\"453\" data-end=\"646\"><strong style=\"color: inherit; font-family: inherit; font-size: 1.5rem;\" data-start=\"648\" data-end=\"679\">2. Acompanhamento do Pedido<\/strong><\/p>\n<p data-start=\"648\" data-end=\"880\">O cliente receber\u00e1 atualiza\u00e7\u00f5es sobre o status do pedido por e-mail nas seguintes etapas: aprova\u00e7\u00e3o do pagamento, prepara\u00e7\u00e3o do pedido, emiss\u00e3o da nota fiscal, envio para a transportadora e entrega.<\/p>\n<p data-start=\"882\" data-end=\"1010\">Tamb\u00e9m \u00e9 poss\u00edvel acompanhar o andamento do pedido acessando a op\u00e7\u00e3o <strong data-start=\"951\" data-end=\"969\">\u201cMeus Pedidos\u201d<\/strong> na \u00e1rea <strong data-start=\"978\" data-end=\"995\">\u201cMinha Conta\u201d<\/strong> em nosso site.<\/p>\n<h4 data-start=\"1012\" data-end=\"1262\"><strong data-start=\"1012\" data-end=\"1040\">3. Tentativas de Entrega<\/strong><\/h4>\n<p data-start=\"1012\" data-end=\"1262\">Ser\u00e3o realizadas at\u00e9 <strong data-start=\"1064\" data-end=\"1094\">tr\u00eas tentativas de entrega<\/strong> no endere\u00e7o informado no pedido. Caso n\u00e3o seja poss\u00edvel concluir a entrega devido \u00e0 aus\u00eancia do destinat\u00e1rio, o pedido poder\u00e1 retornar ao nosso centro de distribui\u00e7\u00e3o.<\/p>\n<p data-start=\"1264\" data-end=\"1369\">Nessa situa\u00e7\u00e3o, entraremos em contato para reagendar a entrega, podendo haver <strong data-start=\"1342\" data-end=\"1368\">nova cobran\u00e7a de frete<\/strong>.<\/p>\n<h4 data-start=\"1371\" data-end=\"1598\"><strong data-start=\"1371\" data-end=\"1410\">4. Endere\u00e7o Incorreto ou Incompleto<\/strong><\/h4>\n<p data-start=\"1371\" data-end=\"1598\">A <strong data-start=\"1415\" data-end=\"1439\">Magnata dos Rel\u00f3gios<\/strong> n\u00e3o se responsabiliza por atrasos ou problemas na entrega causados por <strong data-start=\"1511\" data-end=\"1576\">informa\u00e7\u00f5es incorretas ou incompletas fornecidas pelo cliente<\/strong> no momento da compra.<\/p>\n<p data-start=\"1600\" data-end=\"1710\">Caso o produto retorne devido a erro no endere\u00e7o informado, o <strong data-start=\"1662\" data-end=\"1709\">reenvio poder\u00e1 gerar nova cobran\u00e7a de frete<\/strong>.<\/p>\n<h4 data-start=\"1712\" data-end=\"1890\"><strong data-start=\"1712\" data-end=\"1736\">5. Regi\u00f5es Atendidas<\/strong><\/h4>\n<p data-start=\"1712\" data-end=\"1890\">A Magnata dos Rel\u00f3gios realiza <strong data-start=\"1770\" data-end=\"1814\">entregas para todo o territ\u00f3rio nacional<\/strong>, respeitando os prazos e modalidades de frete dispon\u00edveis para cada regi\u00e3o.<\/p>\n<h4 data-start=\"1892\" data-end=\"2045\"><strong data-start=\"1892\" data-end=\"1934\">6. Altera\u00e7\u00f5es e Cancelamento do Pedido<\/strong><\/h4>\n<p data-start=\"1892\" data-end=\"2045\">Ap\u00f3s a finaliza\u00e7\u00e3o do pedido e a confirma\u00e7\u00e3o do pagamento, <strong data-start=\"1996\" data-end=\"2044\">n\u00e3o \u00e9 poss\u00edvel alterar o endere\u00e7o de entrega<\/strong>.<\/p>\n<p data-start=\"2047\" data-end=\"2193\">Solicita\u00e7\u00f5es de cancelamento ap\u00f3s o envio do pedido ser\u00e3o analisadas conforme nossa <strong data-start=\"2131\" data-end=\"2166\">Pol\u00edtica de Trocas e Devolu\u00e7\u00f5es<\/strong>, dispon\u00edvel em nosso site.<\/p>\n<h4 data-start=\"2195\" data-end=\"2452\"><strong data-start=\"2195\" data-end=\"2234\">7. Restri\u00e7\u00f5es e Condi\u00e7\u00f5es Especiais<\/strong><\/h4>\n<p data-start=\"2195\" data-end=\"2452\">Em algumas regi\u00f5es consideradas de <strong data-start=\"2272\" data-end=\"2329\">risco ou com restri\u00e7\u00e3o de entrega pela transportadora<\/strong>, o pedido poder\u00e1 ser direcionado para um <strong data-start=\"2371\" data-end=\"2422\">ponto de retirada pr\u00f3ximo ao endere\u00e7o informado<\/strong>, com aviso pr\u00e9vio ao cliente.<\/p>\n<h4 data-start=\"2454\" data-end=\"2465\"><strong data-start=\"2454\" data-end=\"2465\">Contato<\/strong><\/h4>\n<p data-start=\"2467\" data-end=\"2551\">Caso tenha d\u00favidas sobre prazos ou entregas, entre em contato com nosso atendimento:<\/p>\n<p data-start=\"2553\" data-end=\"2713\" data-is-last-node=\"\" data-is-only-node=\"\"><strong data-start=\"2553\" data-end=\"2577\">Magnata dos Rel\u00f3gios<\/strong><br data-start=\"2577\" data-end=\"2580\">E-mail: <a class=\"decorated-link cursor-pointer\" rel=\"noopener\" data-start=\"2588\" data-end=\"2617\">sac@magnatadosrelogios.com.br<\/a><br data-start=\"2617\" data-end=\"2620\">Telefone: (95) 99119-1528<br data-start=\"2645\" data-end=\"2648\">Hor\u00e1rio de atendimento: <strong data-start=\"2672\" data-end=\"2712\">Segunda a sexta-feira, das 8h \u00e0s 18h<\/strong>.<\/p>\t\t\t\t\t\t\t\t<\/div>\n\t\t\t\t\t<\/div>\n\t\t\t\t<\/div>\n\t\t\t\t<\/div>","protected":false},"excerpt":{"rendered":"<p>Pol\u00edtica de Entregas e Prazos \u2013 Magnata dos Rel\u00f3gios 1. Prazos de Entrega O prazo para entrega come\u00e7a a ser contado ap\u00f3s a confirma\u00e7\u00e3o do pagamento e a aprova\u00e7\u00e3o do pedido pela institui\u00e7\u00e3o financeira, o que pode levar at\u00e9 2 dias \u00fateis. O prazo \u00e9 calculado em dias \u00fateis, de segunda a sexta-feira, das 08h [&hellip;]<\/p>\n","protected":false},"author":1,"featured_media":0,"parent":0,"menu_order":0,"comment_status":"closed","ping_status":"closed","template":"elementor_header_footer","meta":{"footnotes":""},"class_list":["post-1079","page","type-page","status-publish","hentry"],"_links":{"self":[{"href":"https:\/\/magnatadosrelogios.com.br\/en\/wp-json\/wp\/v2\/pages\/1079","targetHints":{"allow":["GET"]}}],"collection":[{"href":"https:\/\/magnatadosrelogios.com.br\/en\/wp-json\/wp\/v2\/pages"}],"about":[{"href":"https:\/\/magnatadosrelogios.com.br\/en\/wp-json\/wp\/v2\/types\/page"}],"author":[{"embeddable":true,"href":"https:\/\/magnatadosrelogios.com.br\/en\/wp-json\/wp\/v2\/users\/1"}],"replies":[{"embeddable":true,"href":"https:\/\/magnatadosrelogios.com.br\/en\/wp-json\/wp\/v2\/comments?post=1079"}],"version-history":[{"count":14,"href":"https:\/\/magnatadosrelogios.com.br\/en\/wp-json\/wp\/v2\/pages\/1079\/revisions"}],"predecessor-version":[{"id":1094,"href":"https:\/\/magnatadosrelogios.com.br\/en\/wp-json\/wp\/v2\/pages\/1079\/revisions\/1094"}],"wp:attachment":[{"href":"https:\/\/magnatadosrelogios.com.br\/en\/wp-json\/wp\/v2\/media?parent=1079"}],"curies":[{"name":"wp","href":"https:\/\/api.w.org\/{rel}","templated":true}]}}